{"id":18996,"date":"2024-05-31T19:30:10","date_gmt":"2024-05-31T12:30:10","guid":{"rendered":"https:\/\/sem.hust.edu.vn\/?page_id=18996"},"modified":"2026-03-07T11:30:41","modified_gmt":"2026-03-07T04:30:41","slug":"chuong-trinh-chuyen-tiep-hust-university-of-hertfordshire","status":"publish","type":"page","link":"https:\/\/sem.hust.edu.vn\/en\/chuong-trinh-chuyen-tiep-hust-university-of-hertfordshire","title":{"rendered":"Ch\u01b0\u01a1ng tr\u00ecnh chuy\u1ec3n ti\u1ebfp HUST \u2013 University of Hertfordshire"},"content":{"rendered":"<div data-elementor-type=\"wp-page\" data-elementor-id=\"18996\" class=\"elementor elementor-18996\">\n\t\t\t\t\t\t\t<div class=\"elementor-element elementor-element-2b391c6 e-con-full e-flex wpr-particle-no wpr-jarallax-no wpr-parallax-no wpr-sticky-section-no e-con e-parent\" data-id=\"2b391c6\" data-element_type=\"container\" data-settings=\"{&quot;background_background&quot;:&quot;classic&quot;,&quot;content_width&quot;:&quot;full&quot;,&quot;container_type&quot;:&quot;flex&quot;}\" data-e-bg-lazyload=\"\" data-core-v316-plus=\"true\">\n\t\t\t\t<\/div>\n\t\t<div class=\"elementor-element elementor-element-c8b3390 e-con-full e-flex wpr-particle-no wpr-jarallax-no wpr-parallax-no wpr-sticky-section-no e-con e-parent\" data-id=\"c8b3390\" data-element_type=\"container\" data-settings=\"{&quot;content_width&quot;:&quot;full&quot;,&quot;background_background&quot;:&quot;classic&quot;,&quot;container_type&quot;:&quot;flex&quot;}\" data-core-v316-plus=\"true\">\n\t\t<div class=\"elementor-element elementor-element-039a2d5 custom-nav-child e-flex e-con-boxed wpr-particle-no wpr-jarallax-no wpr-parallax-no wpr-sticky-section-no e-con e-child\" data-id=\"039a2d5\" data-element_type=\"container\" data-settings=\"{&quot;background_background&quot;:&quot;classic&quot;,&quot;container_type&quot;:&quot;flex&quot;,&quot;content_width&quot;:&quot;boxed&quot;}\">\n\t\t\t\t\t<div class=\"e-con-inner\">\n\t\t\t\t<div class=\"elementor-element elementor-element-316185f elementor-widget elementor-widget-heading\" data-id=\"316185f\" data-element_type=\"widget\" data-widget_type=\"heading.default\">\n\t\t\t\t<div class=\"elementor-widget-container\">\n\t\t\t<style>\/*! elementor - v3.18.0 - 04-12-2023 *\/\n.elementor-heading-title{padding:0;margin:0;line-height:1}.elementor-widget-heading .elementor-heading-title[class*=elementor-size-]>a{color:inherit;font-size:inherit;line-height:inherit}.elementor-widget-heading .elementor-heading-title.elementor-size-small{font-size:15px}.elementor-widget-heading .elementor-heading-title.elementor-size-medium{font-size:19px}.elementor-widget-heading .elementor-heading-title.elementor-size-large{font-size:29px}.elementor-widget-heading .elementor-heading-title.elementor-size-xl{font-size:39px}.elementor-widget-heading .elementor-heading-title.elementor-size-xxl{font-size:59px}<\/style><h6 class=\"elementor-heading-title elementor-size-default\"><a href=\"\/en\/dao-tao-dai-hoc\/\">Undergraduate Programs<\/a><\/h6>\t\t<\/div>\n\t\t\t\t<\/div>\n\t\t\t\t<div class=\"elementor-element elementor-element-13e9ee4 elementor-widget elementor-widget-heading\" data-id=\"13e9ee4\" data-element_type=\"widget\" data-widget_type=\"heading.default\">\n\t\t\t\t<div class=\"elementor-widget-container\">\n\t\t\t<h6 class=\"elementor-heading-title elementor-size-default\"><a href=\"\/en\/dao-tao-thac-si\/\">Master's Programs<\/a><\/h6>\t\t<\/div>\n\t\t\t\t<\/div>\n\t\t\t\t<div class=\"elementor-element elementor-element-a791110 elementor-widget elementor-widget-heading\" data-id=\"a791110\" data-element_type=\"widget\" data-widget_type=\"heading.default\">\n\t\t\t\t<div class=\"elementor-widget-container\">\n\t\t\t<h6 class=\"elementor-heading-title elementor-size-default\"><a href=\"\/en\/dao-tao-tien-si\/\">Doctoral Programs<\/a><\/h6>\t\t<\/div>\n\t\t\t\t<\/div>\n\t\t\t\t\t<\/div>\n\t\t\t\t<\/div>\n\t\t<div class=\"elementor-element elementor-element-8cb7a47 e-flex e-con-boxed wpr-particle-no wpr-jarallax-no wpr-parallax-no wpr-sticky-section-no e-con e-child\" data-id=\"8cb7a47\" data-element_type=\"container\" data-settings=\"{&quot;container_type&quot;:&quot;flex&quot;,&quot;content_width&quot;:&quot;boxed&quot;}\">\n\t\t\t\t\t<div class=\"e-con-inner\">\n\t\t<div class=\"elementor-element elementor-element-1bc3cc6 e-con-full e-flex wpr-particle-no wpr-jarallax-no wpr-parallax-no wpr-sticky-section-no e-con e-child\" data-id=\"1bc3cc6\" data-element_type=\"container\" data-settings=\"{&quot;content_width&quot;:&quot;full&quot;,&quot;container_type&quot;:&quot;flex&quot;}\">\n\t\t\t\t<div class=\"elementor-element elementor-element-d29f1c8 elementor-widget elementor-widget-heading\" data-id=\"d29f1c8\" data-element_type=\"widget\" data-widget_type=\"heading.default\">\n\t\t\t\t<div class=\"elementor-widget-container\">\n\t\t\t<h1 class=\"elementor-heading-title elementor-size-default\">Undergraduate Programs<\/h1>\t\t<\/div>\n\t\t\t\t<\/div>\n\t\t\t\t<div class=\"elementor-element elementor-element-e306585 elementor-widget-divider--view-line elementor-widget elementor-widget-divider\" data-id=\"e306585\" data-element_type=\"widget\" data-widget_type=\"divider.default\">\n\t\t\t\t<div class=\"elementor-widget-container\">\n\t\t\t<style>\/*! elementor - v3.18.0 - 04-12-2023 *\/\n.elementor-widget-divider{--divider-border-style:none;--divider-border-width:1px;--divider-color:#0c0d0e;--divider-icon-size:20px;--divider-element-spacing:10px;--divider-pattern-height:24px;--divider-pattern-size:20px;--divider-pattern-url:none;--divider-pattern-repeat:repeat-x}.elementor-widget-divider .elementor-divider{display:flex}.elementor-widget-divider .elementor-divider__text{font-size:15px;line-height:1;max-width:95%}.elementor-widget-divider .elementor-divider__element{margin:0 var(--divider-element-spacing);flex-shrink:0}.elementor-widget-divider .elementor-icon{font-size:var(--divider-icon-size)}.elementor-widget-divider .elementor-divider-separator{display:flex;margin:0;direction:ltr}.elementor-widget-divider--view-line_icon .elementor-divider-separator,.elementor-widget-divider--view-line_text .elementor-divider-separator{align-items:center}.elementor-widget-divider--view-line_icon .elementor-divider-separator:after,.elementor-widget-divider--view-line_icon .elementor-divider-separator:before,.elementor-widget-divider--view-line_text .elementor-divider-separator:after,.elementor-widget-divider--view-line_text .elementor-divider-separator:before{display:block;content:\"\";border-bottom:0;flex-grow:1;border-top:var(--divider-border-width) var(--divider-border-style) var(--divider-color)}.elementor-widget-divider--element-align-left .elementor-divider .elementor-divider-separator>.elementor-divider__svg:first-of-type{flex-grow:0;flex-shrink:100}.elementor-widget-divider--element-align-left .elementor-divider-separator:before{content:none}.elementor-widget-divider--element-align-left .elementor-divider__element{margin-left:0}.elementor-widget-divider--element-align-right .elementor-divider .elementor-divider-separator>.elementor-divider__svg:last-of-type{flex-grow:0;flex-shrink:100}.elementor-widget-divider--element-align-right .elementor-divider-separator:after{content:none}.elementor-widget-divider--element-align-right .elementor-divider__element{margin-right:0}.elementor-widget-divider:not(.elementor-widget-divider--view-line_text):not(.elementor-widget-divider--view-line_icon) .elementor-divider-separator{border-top:var(--divider-border-width) var(--divider-border-style) var(--divider-color)}.elementor-widget-divider--separator-type-pattern{--divider-border-style:none}.elementor-widget-divider--separator-type-pattern.elementor-widget-divider--view-line .elementor-divider-separator,.elementor-widget-divider--separator-type-pattern:not(.elementor-widget-divider--view-line) .elementor-divider-separator:after,.elementor-widget-divider--separator-type-pattern:not(.elementor-widget-divider--view-line) .elementor-divider-separator:before,.elementor-widget-divider--separator-type-pattern:not([class*=elementor-widget-divider--view]) .elementor-divider-separator{width:100%;min-height:var(--divider-pattern-height);-webkit-mask-size:var(--divider-pattern-size) 100%;mask-size:var(--divider-pattern-size) 100%;-webkit-mask-repeat:var(--divider-pattern-repeat);mask-repeat:var(--divider-pattern-repeat);background-color:var(--divider-color);-webkit-mask-image:var(--divider-pattern-url);mask-image:var(--divider-pattern-url)}.elementor-widget-divider--no-spacing{--divider-pattern-size:auto}.elementor-widget-divider--bg-round{--divider-pattern-repeat:round}.rtl .elementor-widget-divider .elementor-divider__text{direction:rtl}.e-con-inner>.elementor-widget-divider,.e-con>.elementor-widget-divider{width:var(--container-widget-width,100%);--flex-grow:var(--container-widget-flex-grow)}<\/style>\t\t<div class=\"elementor-divider\">\n\t\t\t<span class=\"elementor-divider-separator\">\n\t\t\t\t\t\t<\/span>\n\t\t<\/div>\n\t\t\t\t<\/div>\n\t\t\t\t<\/div>\n\t\t\t\t<\/div>\n\t\t<div class=\"elementor-element elementor-element-414b0ee e-flex e-con-boxed wpr-particle-no wpr-jarallax-no wpr-parallax-no wpr-sticky-section-no e-con e-child\" data-id=\"414b0ee\" data-element_type=\"container\" data-settings=\"{&quot;container_type&quot;:&quot;flex&quot;,&quot;content_width&quot;:&quot;boxed&quot;}\">\n\t\t\t\t\t<div class=\"e-con-inner\">\n\t\t<div class=\"elementor-element elementor-element-82c6b84 e-con-full box-dao-tao-dai-hoc-left e-flex wpr-particle-no wpr-jarallax-no wpr-parallax-no wpr-sticky-section-no e-con e-child\" data-id=\"82c6b84\" data-element_type=\"container\" data-settings=\"{&quot;content_width&quot;:&quot;full&quot;,&quot;container_type&quot;:&quot;flex&quot;}\">\n\t\t\t\t<div class=\"elementor-element elementor-element-bded7cf elementor-widget elementor-widget-heading\" data-id=\"bded7cf\" data-element_type=\"widget\" data-widget_type=\"heading.default\">\n\t\t\t\t<div class=\"elementor-widget-container\">\n\t\t\t<h2 class=\"elementor-heading-title elementor-size-default\"><a href=\"\/en\/dao-tao-dai-hoc-gioi-thieu\/\">About us<\/a><\/h2>\t\t<\/div>\n\t\t\t\t<\/div>\n\t\t\t\t<div class=\"elementor-element elementor-element-a726e13 elementor-widget elementor-widget-heading\" data-id=\"a726e13\" data-element_type=\"widget\" data-widget_type=\"heading.default\">\n\t\t\t\t<div class=\"elementor-widget-container\">\n\t\t\t<h2 class=\"elementor-heading-title elementor-size-default\"><a href=\"\/en\/chuong-trinh-cu-nhan-quan-ly-nang-luong\/\">Bachelor of Science in Energy Management<\/a><\/h2>\t\t<\/div>\n\t\t\t\t<\/div>\n\t\t\t\t<div class=\"elementor-element elementor-element-94453d1 elementor-widget elementor-widget-heading\" data-id=\"94453d1\" data-element_type=\"widget\" data-widget_type=\"heading.default\">\n\t\t\t\t<div class=\"elementor-widget-container\">\n\t\t\t<h2 class=\"elementor-heading-title elementor-size-default\"><a href=\"\/en\/chuong-trinh-cu-nhan-kinh-te-cong-nghiep\/\">Bachelor of Science in Industrial Economics<\/a><\/h2>\t\t<\/div>\n\t\t\t\t<\/div>\n\t\t\t\t<div class=\"elementor-element elementor-element-d5915bc elementor-widget elementor-widget-heading\" data-id=\"d5915bc\" data-element_type=\"widget\" data-widget_type=\"heading.default\">\n\t\t\t\t<div class=\"elementor-widget-container\">\n\t\t\t<h2 class=\"elementor-heading-title elementor-size-default\"><a href=\"\/en\/chuong-trinh-tich-hop-quan-ly-cong-nghiep\/\">Intergrated Degree Program of Industrial Management<\/a><\/h2>\t\t<\/div>\n\t\t\t\t<\/div>\n\t\t\t\t<div class=\"elementor-element elementor-element-f9d85d7 elementor-widget elementor-widget-heading\" data-id=\"f9d85d7\" data-element_type=\"widget\" data-widget_type=\"heading.default\">\n\t\t\t\t<div class=\"elementor-widget-container\">\n\t\t\t<h2 class=\"elementor-heading-title elementor-size-default\"><a href=\"\/en\/chuong-trinh-tich-hop-quan-tri-kinh-doanh\/\">Intergrated Degree Program of Business Administration<\/a><\/h2>\t\t<\/div>\n\t\t\t\t<\/div>\n\t\t\t\t<div class=\"elementor-element elementor-element-cd7bb7c elementor-widget elementor-widget-heading\" data-id=\"cd7bb7c\" data-element_type=\"widget\" data-widget_type=\"heading.default\">\n\t\t\t\t<div class=\"elementor-widget-container\">\n\t\t\t<h2 class=\"elementor-heading-title elementor-size-default\"><a href=\"https:\/\/sem.hust.edu.vn\/en\/chuong-trinh-cu-nhan-ke-toan-2026\/\">Bachelor of Science in Accounting<\/a><\/h2>\t\t<\/div>\n\t\t\t\t<\/div>\n\t\t\t\t<div class=\"elementor-element elementor-element-36f74e0 elementor-widget elementor-widget-heading\" data-id=\"36f74e0\" data-element_type=\"widget\" data-widget_type=\"heading.default\">\n\t\t\t\t<div class=\"elementor-widget-container\">\n\t\t\t<h2 class=\"elementor-heading-title elementor-size-default\"><a href=\"\/en\/chuong-trinh-cu-nhan-tai-chinh-ngan-hang\/\">Bachelor of Science in Finance - Banking<\/a><\/h2>\t\t<\/div>\n\t\t\t\t<\/div>\n\t\t\t\t<div class=\"elementor-element elementor-element-63a9773 elementor-widget elementor-widget-heading\" data-id=\"63a9773\" data-element_type=\"widget\" data-widget_type=\"heading.default\">\n\t\t\t\t<div class=\"elementor-widget-container\">\n\t\t\t<h2 class=\"elementor-heading-title elementor-size-default\"><a href=\"\/en\/chuong-trinh-tien-tien-phan-tich-kinh-doanh\/\">ELITECH Program of Business Analytics<\/a><\/h2>\t\t<\/div>\n\t\t\t\t<\/div>\n\t\t\t\t<div class=\"elementor-element elementor-element-737f904 elementor-widget elementor-widget-heading\" data-id=\"737f904\" data-element_type=\"widget\" data-widget_type=\"heading.default\">\n\t\t\t\t<div class=\"elementor-widget-container\">\n\t\t\t<h2 class=\"elementor-heading-title elementor-size-default\"><a href=\"\/en\/chuong-trinh-tien-tien-logistics-va-quan-ly-chuoi-cung-ung\/\">ELITECH Program in Logistics and Supply Chain Management<\/a><\/h2>\t\t<\/div>\n\t\t\t\t<\/div>\n\t\t\t\t<div class=\"elementor-element elementor-element-4674b6f elementor-widget elementor-widget-heading\" data-id=\"4674b6f\" data-element_type=\"widget\" data-widget_type=\"heading.default\">\n\t\t\t\t<div class=\"elementor-widget-container\">\n\t\t\t<h2 class=\"elementor-heading-title elementor-size-default\"><a href=\"https:\/\/sem.hust.edu.vn\/en\/chuong-trinh-tien-tien-ke-toan\/\">ELITECH Program in Accounting<\/a><\/h2>\t\t<\/div>\n\t\t\t\t<\/div>\n\t\t\t\t<div class=\"elementor-element elementor-element-3169790 elementor-widget elementor-widget-heading\" data-id=\"3169790\" data-element_type=\"widget\" data-widget_type=\"heading.default\">\n\t\t\t\t<div class=\"elementor-widget-container\">\n\t\t\t<h2 class=\"elementor-heading-title elementor-size-default\"><a href=\"https:\/\/sem.hust.edu.vn\/en\/chuong-trinh-quoc-te-quan-tri-kinh-doanh-troy\/\">Business Administration - Troy University<\/a><\/h2>\t\t<\/div>\n\t\t\t\t<\/div>\n\t\t\t\t<div class=\"elementor-element elementor-element-6e2c7e7 elementor-widget elementor-widget-heading\" data-id=\"6e2c7e7\" data-element_type=\"widget\" data-widget_type=\"heading.default\">\n\t\t\t\t<div class=\"elementor-widget-container\">\n\t\t\t<h2 class=\"elementor-heading-title elementor-size-default\"><a href=\"https:\/\/sem.hust.edu.vn\/en\/chuong-trinh-chuyen-tiep-hust-monash-university\/\">HUST - Monash University Transfer Program <\/a><\/h2>\t\t<\/div>\n\t\t\t\t<\/div>\n\t\t\t\t<div class=\"elementor-element elementor-element-9ca49af elementor-widget elementor-widget-heading\" data-id=\"9ca49af\" data-element_type=\"widget\" data-widget_type=\"heading.default\">\n\t\t\t\t<div class=\"elementor-widget-container\">\n\t\t\t<h2 class=\"elementor-heading-title elementor-size-default\"><a href=\"https:\/\/sem.hust.edu.vn\/en\/chuong-trinh-chuyen-tiep-hust-griffith-university\/\">HUST - Griffith University Transfer Program <\/a><\/h2>\t\t<\/div>\n\t\t\t\t<\/div>\n\t\t\t\t<div class=\"elementor-element elementor-element-ec8cb25 elementor-widget elementor-widget-heading\" data-id=\"ec8cb25\" data-element_type=\"widget\" data-widget_type=\"heading.default\">\n\t\t\t\t<div class=\"elementor-widget-container\">\n\t\t\t<h2 class=\"elementor-heading-title elementor-size-default\"><a href=\"https:\/\/sem.hust.edu.vn\/en\/chuong-trinh-chuyen-tiep-hust-university-of-hertfordshire\/\">HUST - University of Hertfordshire Transfer Program<\/a><\/h2>\t\t<\/div>\n\t\t\t\t<\/div>\n\t\t\t\t<\/div>\n\t\t<div class=\"elementor-element elementor-element-9ccfaf1 e-flex e-con-boxed wpr-particle-no wpr-jarallax-no wpr-parallax-no wpr-sticky-section-no e-con e-child\" data-id=\"9ccfaf1\" data-element_type=\"container\" data-settings=\"{&quot;container_type&quot;:&quot;flex&quot;,&quot;content_width&quot;:&quot;boxed&quot;}\">\n\t\t\t\t\t<div class=\"e-con-inner\">\n\t\t<div class=\"elementor-element elementor-element-c92f544 e-con-full e-flex wpr-particle-no wpr-jarallax-no wpr-parallax-no wpr-sticky-section-no e-con e-child\" data-id=\"c92f544\" data-element_type=\"container\" data-settings=\"{&quot;content_width&quot;:&quot;full&quot;,&quot;container_type&quot;:&quot;flex&quot;}\">\n\t\t<div class=\"elementor-element elementor-element-45b5022 e-con-full e-flex wpr-particle-no wpr-jarallax-no wpr-parallax-no wpr-sticky-section-no e-con e-child\" data-id=\"45b5022\" data-element_type=\"container\" data-settings=\"{&quot;content_width&quot;:&quot;full&quot;,&quot;container_type&quot;:&quot;flex&quot;}\">\n\t\t\t\t<div class=\"elementor-element elementor-element-209e335 elementor-widget elementor-widget-heading\" data-id=\"209e335\" data-element_type=\"widget\" data-widget_type=\"heading.default\">\n\t\t\t\t<div class=\"elementor-widget-container\">\n\t\t\t<h2 class=\"elementor-heading-title elementor-size-default\"><a href=\"https:\/\/sem.hust.edu.vn\/en\/https-sem-hust-edu-vn-chuong-trinh-chuyen-tiep-hust-university-of-hertfordshire\/\">HUST - University of Hertfordshire Transfer Program<\/a><\/h2>\t\t<\/div>\n\t\t\t\t<\/div>\n\t\t\t\t<div class=\"elementor-element elementor-element-6da4cc1 elementor-widget elementor-widget-text-editor\" data-id=\"6da4cc1\" data-element_type=\"widget\" data-widget_type=\"text-editor.default\">\n\t\t\t\t<div class=\"elementor-widget-container\">\n\t\t\t<style>\/*! elementor - v3.18.0 - 04-12-2023 *\/\n.elementor-widget-text-editor.elementor-drop-cap-view-stacked .elementor-drop-cap{background-color:#69727d;color:#fff}.elementor-widget-text-editor.elementor-drop-cap-view-framed .elementor-drop-cap{color:#69727d;border:3px solid;background-color:transparent}.elementor-widget-text-editor:not(.elementor-drop-cap-view-default) .elementor-drop-cap{margin-top:8px}.elementor-widget-text-editor:not(.elementor-drop-cap-view-default) .elementor-drop-cap-letter{width:1em;height:1em}.elementor-widget-text-editor .elementor-drop-cap{float:left;text-align:center;line-height:1;font-size:50px}.elementor-widget-text-editor .elementor-drop-cap-letter{display:inline-block}<\/style>\t\t\t\t<div>\n<p>Hanoi University of Science and Technology (HUST) has established a cooperation agreement with the University of Hertfordshire (UH), United Kingdom on transfer and scholarship opportunities for students of the School of Economics and Management. Eligible students majoring in Business Administration may transfer to UH to complete their final year of study and receive a University of Hertfordshire degree.<\/p>\n<div><strong>Transfer Options:<\/strong><\/div>\n<ul>\n<li>3 years at HUST + 1 year at the University of Hertfordshire<\/li>\n<\/ul>\n<\/div>\n<div><strong>Transfer Program<\/strong><\/div>\n<ul>\n<li>Business Administration<\/li>\n<\/ul>\n<div>\n<div><strong>Scholarship Opportunities:<\/strong><\/div>\n<ul>\n<li>\n<div><span style=\"color: black; font-family: Aptos, sans-serif; font-size: 12pt; letter-spacing: 0.32px; background-color: var( --e-global-color-secondary );\">Scholarships ranging from \u00a31,000 to \u00a34,000, awarded based on students\u2019 academic performance<\/span><\/div>\n<\/li>\n<\/ul>\n<\/div>\n<div>\n<div><strong>Transfer Requirements<\/strong><\/div>\n<ul>\n<li>Minimum GPA: 2.4 (cumulative)<\/li>\n<li>English Proficiency: IELTS 6.0<\/li>\n<\/ul>\n<p><strong>For detailed program information, click <a href=\"https:\/\/drive.google.com\/file\/d\/1EmzPw574OVtkptUSLSTdsjwql6l-V8S6\/view\">here<\/a>.<\/strong><\/p>\n<\/div>\n<p><strong>For information about the University of Hertfordshire, click <a href=\"https:\/\/www.herts.ac.uk\/\">here<\/a>.<\/strong><\/p>\n<p><strong>Frequently Asked Questions (FAQ)<\/strong><\/p>\t\t\t\t\t\t<\/div>\n\t\t\t\t<\/div>\n\t\t\t\t<\/div>\n\t\t\t\t<\/div>\n\t\t\t\t\t<\/div>\n\t\t\t\t<\/div>\n\t\t\t\t\t<\/div>\n\t\t\t\t<\/div>\n\t\t\t\t\t<\/div>\n\t\t\t\t<\/div>\n\t\t\t\t<\/div>\n\t\t\t\t\t\t\t<\/div>","protected":false},"excerpt":{"rendered":"<p>\u0110\u00e0o t\u1ea1o \u0110\u1ea1i h\u1ecdc \u0110\u00e0o t\u1ea1o Th\u1ea1c s\u0129 \u0110\u00e0o t\u1ea1o Ti\u1ebfn s\u0129 \u0110\u00e0o t\u1ea1o \u0110\u1ea1i h\u1ecdc Gi\u1edbi thi\u1ec7u Ch\u01b0\u01a1ng tr\u00ecnh c\u1eed nh\u00e2n Qu\u1ea3n l\u00fd n\u0103ng l\u01b0\u1ee3ng Ch\u01b0\u01a1ng tr\u00ecnh c\u1eed nh\u00e2n Kinh t\u1ebf c\u00f4ng nghi\u1ec7p Ch\u01b0\u01a1ng tr\u00ecnh t\u00edch h\u1ee3p Qu\u1ea3n l\u00fd c\u00f4ng nghi\u1ec7p Ch\u01b0\u01a1ng tr\u00ecnh t\u00edch h\u1ee3p Qu\u1ea3n tr\u1ecb kinh doanh Ch\u01b0\u01a1ng tr\u00ecnh c\u1eed nh\u00e2n K\u1ebf &hellip;<\/p>\n<p class=\"read-more\"> <a class=\"\" href=\"https:\/\/sem.hust.edu.vn\/en\/chuong-trinh-chuyen-tiep-hust-university-of-hertfordshire\"> <span class=\"screen-reader-text\">Ch\u01b0\u01a1ng tr\u00ecnh chuy\u1ec3n ti\u1ebfp HUST \u2013 University of Hertfordshire<\/span> Read More \u00bb<\/a><\/p>","protected":false},"author":1,"featured_media":0,"parent":0,"menu_order":0,"comment_status":"closed","ping_status":"closed","template":"elementor_header_footer","meta":{"_uag_custom_page_level_css":"","site-sidebar-layout":"no-sidebar","site-content-layout":"page-builder","ast-site-content-layout":"full-width-container","site-content-style":"unboxed","site-sidebar-style":"unboxed","ast-global-header-display":"","ast-banner-title-visibility":"","ast-main-header-display":"","ast-hfb-above-header-display":"","ast-hfb-below-header-display":"","ast-hfb-mobile-header-display":"","site-post-title":"disabled","ast-breadcrumbs-content":"","ast-featured-img":"disabled","footer-sml-layout":"","theme-transparent-header-meta":"default","adv-header-id-meta":"","stick-header-meta":"default","header-above-stick-meta":"","header-main-stick-meta":"","header-below-stick-meta":"","astra-migrate-meta-layouts":"set","footnotes":""},"class_list":["post-18996","page","type-page","status-publish","hentry"],"acf":[],"aioseo_notices":[],"uagb_featured_image_src":{"full":false,"thumbnail":false,"medium":false,"medium_large":false,"large":false,"1536x1536":false,"2048x2048":false,"trp-custom-language-flag":false,"menu-24x24":false,"menu-36x36":false,"menu-48x48":false},"uagb_author_info":{"display_name":"admin","author_link":"https:\/\/sem.hust.edu.vn\/en\/author\/admin"},"uagb_comment_info":0,"uagb_excerpt":"\u0110\u00e0o t\u1ea1o \u0110\u1ea1i h\u1ecdc \u0110\u00e0o t\u1ea1o Th\u1ea1c s\u0129 \u0110\u00e0o t\u1ea1o Ti\u1ebfn s\u0129 \u0110\u00e0o t\u1ea1o \u0110\u1ea1i h\u1ecdc Gi\u1edbi thi\u1ec7u Ch\u01b0\u01a1ng tr\u00ecnh c\u1eed nh\u00e2n Qu\u1ea3n l\u00fd n\u0103ng l\u01b0\u1ee3ng Ch\u01b0\u01a1ng tr\u00ecnh c\u1eed nh\u00e2n Kinh t\u1ebf c\u00f4ng nghi\u1ec7p Ch\u01b0\u01a1ng tr\u00ecnh t\u00edch h\u1ee3p Qu\u1ea3n l\u00fd c\u00f4ng nghi\u1ec7p Ch\u01b0\u01a1ng tr\u00ecnh t\u00edch h\u1ee3p Qu\u1ea3n tr\u1ecb kinh doanh Ch\u01b0\u01a1ng tr\u00ecnh c\u1eed nh\u00e2n K\u1ebf&hellip;","_links":{"self":[{"href":"https:\/\/sem.hust.edu.vn\/en\/wp-json\/wp\/v2\/pages\/18996","targetHints":{"allow":["GET"]}}],"collection":[{"href":"https:\/\/sem.hust.edu.vn\/en\/wp-json\/wp\/v2\/pages"}],"about":[{"href":"https:\/\/sem.hust.edu.vn\/en\/wp-json\/wp\/v2\/types\/page"}],"author":[{"embeddable":true,"href":"https:\/\/sem.hust.edu.vn\/en\/wp-json\/wp\/v2\/users\/1"}],"replies":[{"embeddable":true,"href":"https:\/\/sem.hust.edu.vn\/en\/wp-json\/wp\/v2\/comments?post=18996"}],"version-history":[{"count":0,"href":"https:\/\/sem.hust.edu.vn\/en\/wp-json\/wp\/v2\/pages\/18996\/revisions"}],"wp:attachment":[{"href":"https:\/\/sem.hust.edu.vn\/en\/wp-json\/wp\/v2\/media?parent=18996"}],"curies":[{"name":"wp","href":"https:\/\/api.w.org\/{rel}","templated":true}]}}