{"id":1920,"date":"2023-08-30T14:26:32","date_gmt":"2023-08-30T07:26:32","guid":{"rendered":"https:\/\/sem-hust.solidtech.vn\/?page_id=1920"},"modified":"2025-07-30T16:14:56","modified_gmt":"2025-07-30T09:14:56","slug":"gioi-thieu","status":"publish","type":"page","link":"https:\/\/sem.hust.edu.vn\/en\/gioi-thieu","title":{"rendered":"About us"},"content":{"rendered":"<div data-elementor-type=\"wp-page\" data-elementor-id=\"1920\" class=\"elementor elementor-1920\">\n\t\t\t\t\t\t\t<div class=\"elementor-element elementor-element-1bf531d e-flex e-con-boxed wpr-particle-no wpr-jarallax-no wpr-parallax-no wpr-sticky-section-no e-con e-parent\" data-id=\"1bf531d\" data-element_type=\"container\" data-settings=\"{&quot;background_background&quot;:&quot;classic&quot;,&quot;container_type&quot;:&quot;flex&quot;,&quot;content_width&quot;:&quot;boxed&quot;}\" data-e-bg-lazyload=\"\" data-core-v316-plus=\"true\">\n\t\t\t\t\t<div class=\"e-con-inner\">\n\t\t\t\t\t<\/div>\n\t\t\t\t<\/div>\n\t\t<div class=\"elementor-element elementor-element-f36adb2 e-con-full box-gioi-thieu e-flex wpr-particle-no wpr-jarallax-no wpr-parallax-no wpr-sticky-section-no e-con e-parent\" data-id=\"f36adb2\" data-element_type=\"container\" data-settings=\"{&quot;content_width&quot;:&quot;full&quot;,&quot;background_background&quot;:&quot;classic&quot;,&quot;container_type&quot;:&quot;flex&quot;}\" data-core-v316-plus=\"true\">\n\t\t<div class=\"elementor-element elementor-element-f5a5fab custom-nav-child e-flex e-con-boxed wpr-particle-no wpr-jarallax-no wpr-parallax-no wpr-sticky-section-no e-con e-child\" data-id=\"f5a5fab\" data-element_type=\"container\" data-settings=\"{&quot;background_background&quot;:&quot;classic&quot;,&quot;container_type&quot;:&quot;flex&quot;,&quot;content_width&quot;:&quot;boxed&quot;}\">\n\t\t\t\t\t<div class=\"e-con-inner\">\n\t\t\t\t<div class=\"elementor-element elementor-element-900b9fb elementor-widget elementor-widget-heading\" data-id=\"900b9fb\" data-element_type=\"widget\" data-widget_type=\"heading.default\">\n\t\t\t\t<div class=\"elementor-widget-container\">\n\t\t\t<style>\/*! elementor - v3.18.0 - 04-12-2023 *\/\n.elementor-heading-title{padding:0;margin:0;line-height:1}.elementor-widget-heading .elementor-heading-title[class*=elementor-size-]>a{color:inherit;font-size:inherit;line-height:inherit}.elementor-widget-heading .elementor-heading-title.elementor-size-small{font-size:15px}.elementor-widget-heading .elementor-heading-title.elementor-size-medium{font-size:19px}.elementor-widget-heading .elementor-heading-title.elementor-size-large{font-size:29px}.elementor-widget-heading .elementor-heading-title.elementor-size-xl{font-size:39px}.elementor-widget-heading .elementor-heading-title.elementor-size-xxl{font-size:59px}<\/style><h6 class=\"elementor-heading-title elementor-size-default\"><a href=\"\/en\/thu-ngo\/\">Welcome Message<\/a><\/h6>\t\t<\/div>\n\t\t\t\t<\/div>\n\t\t\t\t<div class=\"elementor-element elementor-element-d688521 elementor-widget elementor-widget-heading\" data-id=\"d688521\" data-element_type=\"widget\" data-widget_type=\"heading.default\">\n\t\t\t\t<div class=\"elementor-widget-container\">\n\t\t\t<h6 class=\"elementor-heading-title elementor-size-default\"><a href=\"\/en\/lich-su-hinh-thanh-va-phat-trien\/\">History<\/a><\/h6>\t\t<\/div>\n\t\t\t\t<\/div>\n\t\t\t\t<div class=\"elementor-element elementor-element-d420f06 elementor-widget elementor-widget-heading\" data-id=\"d420f06\" data-element_type=\"widget\" data-widget_type=\"heading.default\">\n\t\t\t\t<div class=\"elementor-widget-container\">\n\t\t\t<h6 class=\"elementor-heading-title elementor-size-default\"><a href=\"\/en\/ban-lanh-dao\/\">Organizational Structure<\/a><\/h6>\t\t<\/div>\n\t\t\t\t<\/div>\n\t\t\t\t<div class=\"elementor-element elementor-element-cf51c75 elementor-widget elementor-widget-heading\" data-id=\"cf51c75\" data-element_type=\"widget\" data-widget_type=\"heading.default\">\n\t\t\t\t<div class=\"elementor-widget-container\">\n\t\t\t<h6 class=\"elementor-heading-title elementor-size-default\"><a href=\"https:\/\/sem.hust.edu.vn\/en\/ban-giam-hieu\/\">Ban gi\u00e1m hi\u1ec7u<\/a><\/h6>\t\t<\/div>\n\t\t\t\t<\/div>\n\t\t\t\t<div class=\"elementor-element elementor-element-202a03d elementor-widget elementor-widget-heading\" data-id=\"202a03d\" data-element_type=\"widget\" data-widget_type=\"heading.default\">\n\t\t\t\t<div class=\"elementor-widget-container\">\n\t\t\t<h6 class=\"elementor-heading-title elementor-size-default\"><a href=\"https:\/\/sem.hust.edu.vn\/en\/cac-to-chuc-doan-the\/\">Unions and Associations<\/a><\/h6>\t\t<\/div>\n\t\t\t\t<\/div>\n\t\t\t\t<div class=\"elementor-element elementor-element-0b93019 elementor-widget elementor-widget-heading\" data-id=\"0b93019\" data-element_type=\"widget\" data-widget_type=\"heading.default\">\n\t\t\t\t<div class=\"elementor-widget-container\">\n\t\t\t<h6 class=\"elementor-heading-title elementor-size-default\"><a href=\"https:\/\/sem.hust.edu.vn\/en\/khoa\/\">Faculties<\/a><\/h6>\t\t<\/div>\n\t\t\t\t<\/div>\n\t\t\t\t<div class=\"elementor-element elementor-element-c67175d elementor-widget elementor-widget-heading\" data-id=\"c67175d\" data-element_type=\"widget\" data-widget_type=\"heading.default\">\n\t\t\t\t<div class=\"elementor-widget-container\">\n\t\t\t<h6 class=\"elementor-heading-title elementor-size-default\"><a href=\"https:\/\/sem.hust.edu.vn\/en\/van-phong-truong\/\">School Office<\/a><\/h6>\t\t<\/div>\n\t\t\t\t<\/div>\n\t\t\t\t<div class=\"elementor-element elementor-element-6e06c3f elementor-widget elementor-widget-heading\" data-id=\"6e06c3f\" data-element_type=\"widget\" data-widget_type=\"heading.default\">\n\t\t\t\t<div class=\"elementor-widget-container\">\n\t\t\t<h6 class=\"elementor-heading-title elementor-size-default\"><a href=\"https:\/\/sem.hust.edu.vn\/en\/media\/\">Media<\/a><\/h6>\t\t<\/div>\n\t\t\t\t<\/div>\n\t\t\t\t\t<\/div>\n\t\t\t\t<\/div>\n\t\t<div class=\"elementor-element elementor-element-e397ad1 e-flex e-con-boxed wpr-particle-no wpr-jarallax-no wpr-parallax-no wpr-sticky-section-no e-con e-child\" data-id=\"e397ad1\" data-element_type=\"container\" data-settings=\"{&quot;container_type&quot;:&quot;flex&quot;,&quot;content_width&quot;:&quot;boxed&quot;}\">\n\t\t\t\t\t<div class=\"e-con-inner\">\n\t\t<div class=\"elementor-element elementor-element-29367c7 e-con-full e-flex wpr-particle-no wpr-jarallax-no wpr-parallax-no wpr-sticky-section-no e-con e-child\" data-id=\"29367c7\" data-element_type=\"container\" data-settings=\"{&quot;content_width&quot;:&quot;full&quot;,&quot;container_type&quot;:&quot;flex&quot;}\">\n\t\t\t\t<div class=\"elementor-element elementor-element-8f2e642 elementor-widget elementor-widget-heading\" data-id=\"8f2e642\" data-element_type=\"widget\" data-widget_type=\"heading.default\">\n\t\t\t\t<div class=\"elementor-widget-container\">\n\t\t\t<h4 class=\"elementor-heading-title elementor-size-default\">Welcome Message<\/h4>\t\t<\/div>\n\t\t\t\t<\/div>\n\t\t\t\t<\/div>\n\t\t<div class=\"elementor-element elementor-element-b1c0432 e-con-full e-flex wpr-particle-no wpr-jarallax-no wpr-parallax-no wpr-sticky-section-no e-con e-child\" data-id=\"b1c0432\" data-element_type=\"container\" data-settings=\"{&quot;content_width&quot;:&quot;full&quot;,&quot;container_type&quot;:&quot;flex&quot;}\">\n\t\t<div class=\"elementor-element elementor-element-fb08407 e-con-full e-flex wpr-particle-no wpr-jarallax-no wpr-parallax-no wpr-sticky-section-no e-con e-child\" data-id=\"fb08407\" data-element_type=\"container\" data-settings=\"{&quot;content_width&quot;:&quot;full&quot;,&quot;container_type&quot;:&quot;flex&quot;}\">\n\t\t\t\t<div class=\"elementor-element elementor-element-fb65e8e elementor-widget elementor-widget-image\" data-id=\"fb65e8e\" data-element_type=\"widget\" data-widget_type=\"image.default\">\n\t\t\t\t<div class=\"elementor-widget-container\">\n\t\t\t<style>\/*! elementor - v3.18.0 - 04-12-2023 *\/\n.elementor-widget-image{text-align:center}.elementor-widget-image a{display:inline-block}.elementor-widget-image a img[src$=\".svg\"]{width:48px}.elementor-widget-image img{vertical-align:middle;display:inline-block}<\/style>\t\t\t\t\t\t\t\t\t\t\t\t<img fetchpriority=\"high\" decoding=\"async\" width=\"352\" height=\"360\" src=\"https:\/\/sem.hust.edu.vn\/wp-content\/uploads\/2023\/08\/image-5.png\" class=\"attachment-large size-large wp-image-2088\" alt=\"\" srcset=\"https:\/\/sem.hust.edu.vn\/wp-content\/uploads\/2023\/08\/image-5.png 352w, https:\/\/sem.hust.edu.vn\/wp-content\/uploads\/2023\/08\/image-5-293x300.png 293w, https:\/\/sem.hust.edu.vn\/wp-content\/uploads\/2023\/08\/image-5-24x24.png 24w, https:\/\/sem.hust.edu.vn\/wp-content\/uploads\/2023\/08\/image-5-36x36.png 36w, https:\/\/sem.hust.edu.vn\/wp-content\/uploads\/2023\/08\/image-5-48x48.png 48w\" sizes=\"(max-width: 352px) 100vw, 352px\" \/>\t\t\t\t\t\t\t\t\t\t\t\t\t\t\t<\/div>\n\t\t\t\t<\/div>\n\t\t\t\t<div class=\"elementor-element elementor-element-29f7bc5 elementor-widget elementor-widget-heading\" data-id=\"29f7bc5\" data-element_type=\"widget\" data-widget_type=\"heading.default\">\n\t\t\t\t<div class=\"elementor-widget-container\">\n\t\t\t<h6 class=\"elementor-heading-title elementor-size-default\">Assoc. Prof. Dr. Nguy\u1ec5n Danh Nguy\u00ean<\/h6>\t\t<\/div>\n\t\t\t\t<\/div>\n\t\t\t\t<div class=\"elementor-element elementor-element-a4d412e elementor-widget elementor-widget-heading\" data-id=\"a4d412e\" data-element_type=\"widget\" data-widget_type=\"heading.default\">\n\t\t\t\t<div class=\"elementor-widget-container\">\n\t\t\t<span class=\"elementor-heading-title elementor-size-default\">Hi\u1ec7u Tr\u01b0\u1edfng Tr\u01b0\u1eddng Kinh t\u1ebf, \u0110\u1ea1i h\u1ecdc B\u00e1ch Khoa H\u00e0 N\u1ed9i<\/span>\t\t<\/div>\n\t\t\t\t<\/div>\n\t\t\t\t<\/div>\n\t\t<div class=\"elementor-element elementor-element-4531ee8 e-con-full e-flex wpr-particle-no wpr-jarallax-no wpr-parallax-no wpr-sticky-section-no e-con e-child\" data-id=\"4531ee8\" data-element_type=\"container\" data-settings=\"{&quot;content_width&quot;:&quot;full&quot;,&quot;container_type&quot;:&quot;flex&quot;}\">\n\t\t\t\t<div class=\"elementor-element elementor-element-30df35a elementor-blockquote--skin-boxed elementor-blockquote__content_blockquote elementor-blockquote--align-left elementor-blockquote--button-color-official elementor-widget elementor-widget-blockquote\" data-id=\"30df35a\" data-element_type=\"widget\" data-widget_type=\"blockquote.default\">\n\t\t\t\t<div class=\"elementor-widget-container\">\n\t\t\t<style>\/*! elementor-pro - v3.5.1 - 10-11-2021 *\/\n@charset \"UTF-8\";.entry-content blockquote.elementor-blockquote:not(.alignright):not(.alignleft),.entry-summary blockquote.elementor-blockquote{margin-right:0;margin-left:0}.elementor-widget-blockquote blockquote{margin:0;padding:0;outline:0;font-size:100%;vertical-align:baseline;background:transparent;quotes:none;border:0;font-style:normal;color:#55595c}.elementor-widget-blockquote blockquote:after,.elementor-widget-blockquote blockquote:before,.elementor-widget-blockquote blockquote cite:after,.elementor-widget-blockquote blockquote cite:before,.elementor-widget-blockquote blockquote footer:after,.elementor-widget-blockquote blockquote footer:before{content:\"\";content:none}.elementor-blockquote{-webkit-transition:.3s;-o-transition:.3s;transition:.3s}.elementor-blockquote__author,.elementor-blockquote__content{margin-bottom:0;font-style:normal}.elementor-blockquote__author{font-weight:700}.elementor-blockquote footer{margin-top:12px;display:-webkit-box;display:-ms-flexbox;display:flex;-webkit-box-pack:justify;-ms-flex-pack:justify;justify-content:space-between}.elementor-blockquote__tweet-button{display:-webkit-box;display:-ms-flexbox;display:flex;-webkit-transition:.3s;-o-transition:.3s;transition:.3s;color:#1da1f2;-ms-flex-item-align:end;align-self:flex-end;line-height:1;position:relative;width:-webkit-max-content;width:-moz-max-content;width:max-content}.elementor-blockquote__tweet-button:hover{color:#0967a0}.elementor-blockquote__tweet-button span{font-weight:600}.elementor-blockquote__tweet-button i,.elementor-blockquote__tweet-button span{vertical-align:middle}.elementor-blockquote__tweet-button i+span,.elementor-blockquote__tweet-button svg+span{margin-left:.5em}.elementor-blockquote__tweet-button svg{fill:#1da1f2;height:1em;width:1em}.elementor-blockquote__tweet-label{white-space:pre-wrap}.elementor-blockquote--button-skin-bubble .elementor-blockquote__tweet-button,.elementor-blockquote--button-skin-classic .elementor-blockquote__tweet-button{padding:.7em 1.2em;border-radius:100em;background-color:#1da1f2;color:#fff;font-size:15px}.elementor-blockquote--button-skin-bubble .elementor-blockquote__tweet-button:hover,.elementor-blockquote--button-skin-classic .elementor-blockquote__tweet-button:hover{background-color:#0967a0;color:#fff}.elementor-blockquote--button-skin-bubble .elementor-blockquote__tweet-button:hover:before,.elementor-blockquote--button-skin-classic .elementor-blockquote__tweet-button:hover:before{border-right-color:#0967a0}.elementor-blockquote--button-skin-bubble .elementor-blockquote__tweet-button svg,.elementor-blockquote--button-skin-classic .elementor-blockquote__tweet-button svg{fill:#fff;height:1em;width:1em}.elementor-blockquote--button-skin-bubble.elementor-blockquote--button-view-icon .elementor-blockquote__tweet-button,.elementor-blockquote--button-skin-classic.elementor-blockquote--button-view-icon .elementor-blockquote__tweet-button{padding:0;width:2em;height:2em}.elementor-blockquote--button-skin-bubble.elementor-blockquote--button-view-icon .elementor-blockquote__tweet-button i,.elementor-blockquote--button-skin-classic.elementor-blockquote--button-view-icon .elementor-blockquote__tweet-button i{position:absolute;left:50%;top:50%;-webkit-transform:translate(-50%,-50%);-ms-transform:translate(-50%,-50%);transform:translate(-50%,-50%)}.elementor-blockquote--button-skin-bubble .elementor-blockquote__tweet-button:before{content:\"\";border:.5em solid transparent;border-right-color:#1da1f2;position:absolute;left:-.8em;top:50%;-webkit-transform:translateY(-50%) scaleY(.65);-ms-transform:translateY(-50%) scaleY(.65);transform:translateY(-50%) scaleY(.65);-webkit-transition:.3s;-o-transition:.3s;transition:.3s}.elementor-blockquote--button-skin-bubble.elementor-blockquote--align-left .elementor-blockquote__tweet-button:before{right:auto;left:-.8em;border-right-color:#1da1f2;border-left-color:transparent}.elementor-blockquote--button-skin-bubble.elementor-blockquote--align-left .elementor-blockquote__tweet-button:hover:before{border-right-color:#0967a0}.elementor-blockquote--button-skin-bubble.elementor-blockquote--align-right .elementor-blockquote__tweet-button:before{left:auto;right:-.8em;border-right-color:transparent;border-left-color:#1da1f2}.elementor-blockquote--button-skin-bubble.elementor-blockquote--align-right .elementor-blockquote__tweet-button:hover:before{border-left-color:#0967a0}.elementor-blockquote--skin-boxed .elementor-blockquote{background-color:#e6e9ec;padding:30px}.elementor-blockquote--skin-border .elementor-blockquote{border-color:#e6e9ec;border-left:7px #e6e9ec;border-style:solid;padding-left:20px}.elementor-blockquote--skin-quotation .elementor-blockquote:before{content:\"\u201c\";font-size:100px;color:#e6e9ec;font-family:Times New Roman,Times,serif;font-weight:900;line-height:1;display:block;height:.6em}.elementor-blockquote--skin-quotation .elementor-blockquote__content{margin-top:15px}.elementor-blockquote--align-left .elementor-blockquote__content{text-align:left}.elementor-blockquote--align-left .elementor-blockquote footer{-webkit-box-orient:horizontal;-webkit-box-direction:normal;-ms-flex-direction:row;flex-direction:row}.elementor-blockquote--align-right .elementor-blockquote__content{text-align:right}.elementor-blockquote--align-right .elementor-blockquote footer{-webkit-box-orient:horizontal;-webkit-box-direction:reverse;-ms-flex-direction:row-reverse;flex-direction:row-reverse}.elementor-blockquote--align-center .elementor-blockquote{text-align:center}.elementor-blockquote--align-center .elementor-blockquote__author,.elementor-blockquote--align-center .elementor-blockquote footer{display:block}.elementor-blockquote--align-center .elementor-blockquote__tweet-button{margin-right:auto;margin-left:auto}<\/style>\t\t<blockquote class=\"elementor-blockquote\">\n\t\t\t<p class=\"elementor-blockquote__content\">\n\t\t\t\tK\u1ec3 t\u1eeb khi m\u1edbi th\u00e0nh l\u1eadp (1965) cho t\u1edbi nay, <span style=\"white-space-collapse: collapse;\">Tr\u01b0\u1eddng Kinh t\u1ebf (ti\u1ec1n th\u00e2n l\u00e0 Khoa K\u1ef9 s\u01b0 Kinh t\u1ebf, sau l\u00e0 Vi\u1ec7n Kinh t\u1ebf v\u00e0 Qu\u1ea3n l\u00fd) thu\u1ed9c \u00d0\u1ea1i H\u1ecdc B\u00e1ch Khoa H\u00e0 N\u1ed9i<\/span> c\u00f3 tr\u00e1ch nhi\u1ec7m \u0111\u00e0o t\u1ea1o c\u00e1n b\u1ed9 qu\u1ea3n l\u00fd cho c\u00e1c doanh nghi\u1ec7p, cho c\u00e1c ng\u00e0nh kinh t\u1ebf kh\u00e1c nhau v\u1edbi c\u00e1c tr\u00ecnh \u0111\u1ed9 t\u1eeb c\u1eed nh\u00e2n, th\u1ea1c s\u0129, t\u1edbi ti\u1ebfn s\u0129 v\u1edbi c\u00e1c lo\u1ea1i h\u00ecnh \u0111\u00e0o t\u1ea1o \u0111a d\u1ea1ng. \t\t\t<\/p>\n\t\t\t\t\t<\/blockquote>\n\t\t\t\t<\/div>\n\t\t\t\t<\/div>\n\t\t\t\t<div class=\"elementor-element elementor-element-6a97243 elementor-widget elementor-widget-heading\" data-id=\"6a97243\" data-element_type=\"widget\" data-widget_type=\"heading.default\">\n\t\t\t\t<div class=\"elementor-widget-container\">\n\t\t\t<p class=\"elementor-heading-title elementor-size-default\">For almost 60 years of development, SEM has had success in education, research, technology transfer, business support and international cooperation. Thus, SEM possesses a high reputation nationwide as well as worldwide.<br>\nSEM now has highly qualified and committed faculties and staffs. We have been trying our best to improve domestic and international research collaboration and attract more investment in educational equipment and infrastructure. Students and faculties are open to various opportunities to enhance their capabilities through exchange programs with well-known universities in France, Germany, Finland,...<\/p>\t\t<\/div>\n\t\t\t\t<\/div>\n\t\t\t\t<div class=\"elementor-element elementor-element-35fd8ed elementor-widget elementor-widget-heading\" data-id=\"35fd8ed\" data-element_type=\"widget\" data-widget_type=\"heading.default\">\n\t\t\t\t<div class=\"elementor-widget-container\">\n\t\t\t<h5 class=\"elementor-heading-title elementor-size-default\">Orientation of Development<\/h5>\t\t<\/div>\n\t\t\t\t<\/div>\n\t\t\t\t<div class=\"elementor-element elementor-element-8d7996b elementor-widget elementor-widget-image\" data-id=\"8d7996b\" data-element_type=\"widget\" data-widget_type=\"image.default\">\n\t\t\t\t<div class=\"elementor-widget-container\">\n\t\t\t\t\t\t\t\t\t\t\t\t\t\t\t<img decoding=\"async\" width=\"800\" height=\"425\" src=\"https:\/\/sem.hust.edu.vn\/wp-content\/uploads\/2023\/08\/image-5-1.png\" class=\"attachment-large size-large wp-image-2089\" alt=\"\" srcset=\"https:\/\/sem.hust.edu.vn\/wp-content\/uploads\/2023\/08\/image-5-1.png 800w, https:\/\/sem.hust.edu.vn\/wp-content\/uploads\/2023\/08\/image-5-1-300x159.png 300w, https:\/\/sem.hust.edu.vn\/wp-content\/uploads\/2023\/08\/image-5-1-768x408.png 768w, https:\/\/sem.hust.edu.vn\/wp-content\/uploads\/2023\/08\/image-5-1-24x13.png 24w, https:\/\/sem.hust.edu.vn\/wp-content\/uploads\/2023\/08\/image-5-1-36x19.png 36w, https:\/\/sem.hust.edu.vn\/wp-content\/uploads\/2023\/08\/image-5-1-48x26.png 48w\" sizes=\"(max-width: 800px) 100vw, 800px\" \/>\t\t\t\t\t\t\t\t\t\t\t\t\t\t\t<\/div>\n\t\t\t\t<\/div>\n\t\t\t\t<div class=\"elementor-element elementor-element-15cdaaf elementor-icon-list--layout-traditional elementor-list-item-link-full_width elementor-widget elementor-widget-icon-list\" data-id=\"15cdaaf\" data-element_type=\"widget\" data-widget_type=\"icon-list.default\">\n\t\t\t\t<div class=\"elementor-widget-container\">\n\t\t\t<link rel=\"stylesheet\" href=\"https:\/\/sem.hust.edu.vn\/wp-content\/plugins\/elementor\/assets\/css\/widget-icon-list.min.css\">\t\t<ul class=\"elementor-icon-list-items\">\n\t\t\t\t\t\t\t<li class=\"elementor-icon-list-item\">\n\t\t\t\t\t\t\t\t\t\t\t<span class=\"elementor-icon-list-icon\">\n\t\t\t\t\t\t\t<svg aria-hidden=\"true\" class=\"e-font-icon-svg e-fas-circle\" viewbox=\"0 0 512 512\" xmlns=\"http:\/\/www.w3.org\/2000\/svg\"><path d=\"M256 8C119 8 8 119 8 256s111 248 248 248 248-111 248-248S393 8 256 8z\"><\/path><\/svg>\t\t\t\t\t\t<\/span>\n\t\t\t\t\t\t\t\t\t\t<span class=\"elementor-icon-list-text\">To diversify academic programs and further promote graduate programs. <\/span>\n\t\t\t\t\t\t\t\t\t<\/li>\n\t\t\t\t\t\t\t\t<li class=\"elementor-icon-list-item\">\n\t\t\t\t\t\t\t\t\t\t\t<span class=\"elementor-icon-list-icon\">\n\t\t\t\t\t\t\t<svg aria-hidden=\"true\" class=\"e-font-icon-svg e-fas-circle\" viewbox=\"0 0 512 512\" xmlns=\"http:\/\/www.w3.org\/2000\/svg\"><path d=\"M256 8C119 8 8 119 8 256s111 248 248 248 248-111 248-248S393 8 256 8z\"><\/path><\/svg>\t\t\t\t\t\t<\/span>\n\t\t\t\t\t\t\t\t\t\t<span class=\"elementor-icon-list-text\">To incorporate field study into the curriculum through collaboration with enterprises and other short-term training programs. <\/span>\n\t\t\t\t\t\t\t\t\t<\/li>\n\t\t\t\t\t\t\t\t<li class=\"elementor-icon-list-item\">\n\t\t\t\t\t\t\t\t\t\t\t<span class=\"elementor-icon-list-icon\">\n\t\t\t\t\t\t\t<svg aria-hidden=\"true\" class=\"e-font-icon-svg e-fas-circle\" viewbox=\"0 0 512 512\" xmlns=\"http:\/\/www.w3.org\/2000\/svg\"><path d=\"M256 8C119 8 8 119 8 256s111 248 248 248 248-111 248-248S393 8 256 8z\"><\/path><\/svg>\t\t\t\t\t\t<\/span>\n\t\t\t\t\t\t\t\t\t\t<span class=\"elementor-icon-list-text\">Provide consulting services to businesses.<\/span>\n\t\t\t\t\t\t\t\t\t<\/li>\n\t\t\t\t\t\t\t\t<li class=\"elementor-icon-list-item\">\n\t\t\t\t\t\t\t\t\t\t\t<span class=\"elementor-icon-list-icon\">\n\t\t\t\t\t\t\t<svg aria-hidden=\"true\" class=\"e-font-icon-svg e-fas-circle\" viewbox=\"0 0 512 512\" xmlns=\"http:\/\/www.w3.org\/2000\/svg\"><path d=\"M256 8C119 8 8 119 8 256s111 248 248 248 248-111 248-248S393 8 256 8z\"><\/path><\/svg>\t\t\t\t\t\t<\/span>\n\t\t\t\t\t\t\t\t\t\t<span class=\"elementor-icon-list-text\">Promote international cooperation in building capacity, developing curriculum and pedagogy.<\/span>\n\t\t\t\t\t\t\t\t\t<\/li>\n\t\t\t\t\t\t<\/ul>\n\t\t\t\t<\/div>\n\t\t\t\t<\/div>\n\t\t\t\t<div class=\"elementor-element elementor-element-e08ebaf elementor-blockquote--skin-boxed elementor-blockquote__content_blockquote elementor-blockquote--align-left elementor-blockquote--button-color-official elementor-widget elementor-widget-blockquote\" data-id=\"e08ebaf\" data-element_type=\"widget\" data-widget_type=\"blockquote.default\">\n\t\t\t\t<div class=\"elementor-widget-container\">\n\t\t\t\t\t<blockquote class=\"elementor-blockquote\">\n\t\t\t<p class=\"elementor-blockquote__content\">\n\t\t\t\t<span style=\"white-space-collapse: collapse;\">Tr\u01b0\u1eddng Kinh t\u1ebf lu\u00f4n l\u00e0<\/span> n\u01a1i \u0111\u00e0o t\u1ea1o nh\u1eefng nh\u00e0 qu\u1ea3n l\u00fd kinh doanh gi\u1ecfi, l\u00e0 trung t\u00e2m t\u01b0 v\u1ea5n tin c\u1eady cho c\u00e1c doanh nghi\u1ec7p v\u00e0 c\u00e1c ng\u00e0nh kinh t\u1ebf, tham gia v\u00e0o qu\u00e1 tr\u00ecnh ph\u00e1t tri\u1ec3n kinh t\u1ebf, \u0111\u01b0a \u0111\u1ea5t n\u01b0\u1edbc ti\u1ebfn v\u00e0o n\u1ec1n kinh t\u1ebf tri th\u1ee9c v\u00e0 h\u1ed9i nh\u1eadp qu\u1ed1c t\u1ebf.\t\t\t<\/p>\n\t\t\t\t\t<\/blockquote>\n\t\t\t\t<\/div>\n\t\t\t\t<\/div>\n\t\t\t\t<\/div>\n\t\t\t\t<\/div>\n\t\t\t\t\t<\/div>\n\t\t\t\t<\/div>\n\t\t\t\t<\/div>\n\t\t\t\t\t\t\t<\/div>","protected":false},"excerpt":{"rendered":"<p>Th\u01b0 ng\u1ecf L\u1ecbch s\u1eed h\u00ecnh th\u00e0nh v\u00e0 ph\u00e1t tri\u1ec3n C\u01a1 c\u1ea5u t\u1ed5 ch\u1ee9c Ban gi\u00e1m hi\u1ec7u C\u00e1c t\u1ed5 ch\u1ee9c \u0111o\u00e0n th\u1ec3 Khoa V\u0103n ph\u00f2ng Tr\u01b0\u1eddng Media Th\u01b0 ng\u1ecf \u2014 PGS.TS Nguy\u1ec5n Danh Nguy\u00ean Hi\u1ec7u Tr\u01b0\u1edfng Tr\u01b0\u1eddng Kinh t\u1ebf, \u0110\u1ea1i h\u1ecdc B\u00e1ch Khoa H\u00e0 N\u1ed9i K\u1ec3 t\u1eeb khi m\u1edbi th\u00e0nh l\u1eadp (1965) cho t\u1edbi nay, Tr\u01b0\u1eddng &hellip;<\/p>\n<p class=\"read-more\"> <a class=\"\" href=\"https:\/\/sem.hust.edu.vn\/en\/gioi-thieu\"> <span class=\"screen-reader-text\">About us<\/span> Read More \u00bb<\/a><\/p>","protected":false},"author":1,"featured_media":0,"parent":0,"menu_order":0,"comment_status":"closed","ping_status":"closed","template":"","meta":{"_uag_custom_page_level_css":"","site-sidebar-layout":"no-sidebar","site-content-layout":"page-builder","ast-site-content-layout":"","site-content-style":"default","site-sidebar-style":"default","ast-global-header-display":"","ast-banner-title-visibility":"","ast-main-header-display":"","ast-hfb-above-header-display":"","ast-hfb-below-header-display":"","ast-hfb-mobile-header-display":"","site-post-title":"disabled","ast-breadcrumbs-content":"","ast-featured-img":"disabled","footer-sml-layout":"","theme-transparent-header-meta":"","adv-header-id-meta":"","stick-header-meta":"","header-above-stick-meta":"","header-main-stick-meta":"","header-below-stick-meta":"","astra-migrate-meta-layouts":"","footnotes":""},"class_list":["post-1920","page","type-page","status-publish","hentry"],"acf":[],"aioseo_notices":[],"uagb_featured_image_src":{"full":false,"thumbnail":false,"medium":false,"medium_large":false,"large":false,"1536x1536":false,"2048x2048":false,"trp-custom-language-flag":false,"menu-24x24":false,"menu-36x36":false,"menu-48x48":false},"uagb_author_info":{"display_name":"admin","author_link":"https:\/\/sem.hust.edu.vn\/en\/author\/admin"},"uagb_comment_info":0,"uagb_excerpt":"Th\u01b0 ng\u1ecf L\u1ecbch s\u1eed h\u00ecnh th\u00e0nh v\u00e0 ph\u00e1t tri\u1ec3n C\u01a1 c\u1ea5u t\u1ed5 ch\u1ee9c Ban gi\u00e1m hi\u1ec7u C\u00e1c t\u1ed5 ch\u1ee9c \u0111o\u00e0n th\u1ec3 Khoa V\u0103n ph\u00f2ng Tr\u01b0\u1eddng Media Th\u01b0 ng\u1ecf \u2014 PGS.TS Nguy\u1ec5n Danh Nguy\u00ean Hi\u1ec7u Tr\u01b0\u1edfng Tr\u01b0\u1eddng Kinh t\u1ebf, \u0110\u1ea1i h\u1ecdc B\u00e1ch Khoa H\u00e0 N\u1ed9i K\u1ec3 t\u1eeb khi m\u1edbi th\u00e0nh l\u1eadp (1965) cho t\u1edbi nay, Tr\u01b0\u1eddng&hellip;","_links":{"self":[{"href":"https:\/\/sem.hust.edu.vn\/en\/wp-json\/wp\/v2\/pages\/1920","targetHints":{"allow":["GET"]}}],"collection":[{"href":"https:\/\/sem.hust.edu.vn\/en\/wp-json\/wp\/v2\/pages"}],"about":[{"href":"https:\/\/sem.hust.edu.vn\/en\/wp-json\/wp\/v2\/types\/page"}],"author":[{"embeddable":true,"href":"https:\/\/sem.hust.edu.vn\/en\/wp-json\/wp\/v2\/users\/1"}],"replies":[{"embeddable":true,"href":"https:\/\/sem.hust.edu.vn\/en\/wp-json\/wp\/v2\/comments?post=1920"}],"version-history":[{"count":0,"href":"https:\/\/sem.hust.edu.vn\/en\/wp-json\/wp\/v2\/pages\/1920\/revisions"}],"wp:attachment":[{"href":"https:\/\/sem.hust.edu.vn\/en\/wp-json\/wp\/v2\/media?parent=1920"}],"curies":[{"name":"wp","href":"https:\/\/api.w.org\/{rel}","templated":true}]}}