{"id":20400,"date":"2025-03-12T12:35:21","date_gmt":"2025-03-12T05:35:21","guid":{"rendered":"https:\/\/sem.hust.edu.vn\/?page_id=20400"},"modified":"2025-04-28T16:47:04","modified_gmt":"2025-04-28T09:47:04","slug":"ban-giam-hieu","status":"publish","type":"page","link":"https:\/\/sem.hust.edu.vn\/en\/ban-giam-hieu","title":{"rendered":"Executive Board"},"content":{"rendered":"<div data-elementor-type=\"wp-page\" data-elementor-id=\"20400\" class=\"elementor elementor-20400\">\n\t\t\t\t\t\t\t<div class=\"elementor-element elementor-element-816d5d0 e-con-full e-flex wpr-particle-no wpr-jarallax-no wpr-parallax-no wpr-sticky-section-no e-con e-parent\" data-id=\"816d5d0\" data-element_type=\"container\" data-settings=\"{&quot;background_background&quot;:&quot;classic&quot;,&quot;content_width&quot;:&quot;full&quot;,&quot;container_type&quot;:&quot;flex&quot;}\" data-e-bg-lazyload=\"\" data-core-v316-plus=\"true\">\n\t\t\t\t<\/div>\n\t\t<div class=\"elementor-element elementor-element-341c4c2 e-con-full box-gioi-thieu e-flex wpr-particle-no wpr-jarallax-no wpr-parallax-no wpr-sticky-section-no e-con e-parent\" data-id=\"341c4c2\" data-element_type=\"container\" data-settings=\"{&quot;content_width&quot;:&quot;full&quot;,&quot;background_background&quot;:&quot;classic&quot;,&quot;container_type&quot;:&quot;flex&quot;}\" data-core-v316-plus=\"true\">\n\t\t<div class=\"elementor-element elementor-element-55f5a86 custom-nav-child e-flex e-con-boxed wpr-particle-no wpr-jarallax-no wpr-parallax-no wpr-sticky-section-no e-con e-child\" data-id=\"55f5a86\" data-element_type=\"container\" data-settings=\"{&quot;background_background&quot;:&quot;classic&quot;,&quot;container_type&quot;:&quot;flex&quot;,&quot;content_width&quot;:&quot;boxed&quot;}\">\n\t\t\t\t\t<div class=\"e-con-inner\">\n\t\t\t\t<div class=\"elementor-element elementor-element-83eb423 elementor-widget elementor-widget-heading\" data-id=\"83eb423\" data-element_type=\"widget\" data-widget_type=\"heading.default\">\n\t\t\t\t<div class=\"elementor-widget-container\">\n\t\t\t<style>\/*! elementor - v3.18.0 - 04-12-2023 *\/\n.elementor-heading-title{padding:0;margin:0;line-height:1}.elementor-widget-heading .elementor-heading-title[class*=elementor-size-]>a{color:inherit;font-size:inherit;line-height:inherit}.elementor-widget-heading .elementor-heading-title.elementor-size-small{font-size:15px}.elementor-widget-heading .elementor-heading-title.elementor-size-medium{font-size:19px}.elementor-widget-heading .elementor-heading-title.elementor-size-large{font-size:29px}.elementor-widget-heading .elementor-heading-title.elementor-size-xl{font-size:39px}.elementor-widget-heading .elementor-heading-title.elementor-size-xxl{font-size:59px}<\/style><h6 class=\"elementor-heading-title elementor-size-default\"><a href=\"\/en\/thu-ngo\/\">Welcome Message<\/a><\/h6>\t\t<\/div>\n\t\t\t\t<\/div>\n\t\t\t\t<div class=\"elementor-element elementor-element-9da50c9 elementor-widget elementor-widget-heading\" data-id=\"9da50c9\" data-element_type=\"widget\" data-widget_type=\"heading.default\">\n\t\t\t\t<div class=\"elementor-widget-container\">\n\t\t\t<h6 class=\"elementor-heading-title elementor-size-default\"><a href=\"\/en\/lich-su-hinh-thanh-va-phat-trien\/\">History<\/a><\/h6>\t\t<\/div>\n\t\t\t\t<\/div>\n\t\t\t\t<div class=\"elementor-element elementor-element-6c96459 elementor-widget elementor-widget-heading\" data-id=\"6c96459\" data-element_type=\"widget\" data-widget_type=\"heading.default\">\n\t\t\t\t<div class=\"elementor-widget-container\">\n\t\t\t<h6 class=\"elementor-heading-title elementor-size-default\"><a href=\"\/en\/ban-lanh-dao\/\">Organizational Structure<\/a><\/h6>\t\t<\/div>\n\t\t\t\t<\/div>\n\t\t\t\t<div class=\"elementor-element elementor-element-b33b860 elementor-widget elementor-widget-heading\" data-id=\"b33b860\" data-element_type=\"widget\" data-widget_type=\"heading.default\">\n\t\t\t\t<div class=\"elementor-widget-container\">\n\t\t\t<h6 class=\"elementor-heading-title elementor-size-default\"><a href=\"https:\/\/sem.hust.edu.vn\/en\/ban-giam-hieu\/\">Executive Board<\/a><\/h6>\t\t<\/div>\n\t\t\t\t<\/div>\n\t\t\t\t<div class=\"elementor-element elementor-element-3e8c6c8 elementor-widget elementor-widget-heading\" data-id=\"3e8c6c8\" data-element_type=\"widget\" data-widget_type=\"heading.default\">\n\t\t\t\t<div class=\"elementor-widget-container\">\n\t\t\t<h6 class=\"elementor-heading-title elementor-size-default\"><a href=\"https:\/\/sem.hust.edu.vn\/en\/cac-to-chuc-doan-the\/\">Unions and Associations<\/a><\/h6>\t\t<\/div>\n\t\t\t\t<\/div>\n\t\t\t\t<div class=\"elementor-element elementor-element-32c3f37 elementor-widget elementor-widget-heading\" data-id=\"32c3f37\" data-element_type=\"widget\" data-widget_type=\"heading.default\">\n\t\t\t\t<div class=\"elementor-widget-container\">\n\t\t\t<h6 class=\"elementor-heading-title elementor-size-default\"><a href=\"\/en\/khoa\/\">Faculties<\/a><\/h6>\t\t<\/div>\n\t\t\t\t<\/div>\n\t\t\t\t<div class=\"elementor-element elementor-element-026f6b5 elementor-widget elementor-widget-heading\" data-id=\"026f6b5\" data-element_type=\"widget\" data-widget_type=\"heading.default\">\n\t\t\t\t<div class=\"elementor-widget-container\">\n\t\t\t<h6 class=\"elementor-heading-title elementor-size-default\"><a href=\"https:\/\/sem.hust.edu.vn\/en\/van-phong-truong\/\">School Office<\/a><\/h6>\t\t<\/div>\n\t\t\t\t<\/div>\n\t\t\t\t<div class=\"elementor-element elementor-element-4fa7b45 elementor-widget elementor-widget-heading\" data-id=\"4fa7b45\" data-element_type=\"widget\" data-widget_type=\"heading.default\">\n\t\t\t\t<div class=\"elementor-widget-container\">\n\t\t\t<h6 class=\"elementor-heading-title elementor-size-default\"><a href=\"https:\/\/sem.hust.edu.vn\/en\/media\/\">Media<\/a><\/h6>\t\t<\/div>\n\t\t\t\t<\/div>\n\t\t\t\t\t<\/div>\n\t\t\t\t<\/div>\n\t\t<div class=\"elementor-element elementor-element-2329057 e-flex e-con-boxed wpr-particle-no wpr-jarallax-no wpr-parallax-no wpr-sticky-section-no e-con e-child\" data-id=\"2329057\" data-element_type=\"container\" data-settings=\"{&quot;container_type&quot;:&quot;flex&quot;,&quot;content_width&quot;:&quot;boxed&quot;}\">\n\t\t\t\t\t<div class=\"e-con-inner\">\n\t\t<div class=\"elementor-element elementor-element-d6e35ab e-con-full e-flex wpr-particle-no wpr-jarallax-no wpr-parallax-no wpr-sticky-section-no e-con e-child\" data-id=\"d6e35ab\" data-element_type=\"container\" data-settings=\"{&quot;content_width&quot;:&quot;full&quot;,&quot;container_type&quot;:&quot;flex&quot;}\">\n\t\t\t\t<div class=\"elementor-element elementor-element-6bf4bbb elementor-widget elementor-widget-heading\" data-id=\"6bf4bbb\" data-element_type=\"widget\" data-widget_type=\"heading.default\">\n\t\t\t\t<div class=\"elementor-widget-container\">\n\t\t\t<h4 class=\"elementor-heading-title elementor-size-default\">Executive Board<\/h4>\t\t<\/div>\n\t\t\t\t<\/div>\n\t\t\t\t<\/div>\n\t\t<div class=\"elementor-element elementor-element-3c1b8f1 e-con-full e-flex wpr-particle-no wpr-jarallax-no wpr-parallax-no wpr-sticky-section-no e-con e-child\" data-id=\"3c1b8f1\" data-element_type=\"container\" data-settings=\"{&quot;content_width&quot;:&quot;full&quot;,&quot;container_type&quot;:&quot;flex&quot;}\">\n\t\t<div class=\"elementor-element elementor-element-3a67b7f e-con-full e-flex wpr-particle-no wpr-jarallax-no wpr-parallax-no wpr-sticky-section-no e-con e-child\" data-id=\"3a67b7f\" data-element_type=\"container\" data-settings=\"{&quot;content_width&quot;:&quot;full&quot;,&quot;container_type&quot;:&quot;flex&quot;}\">\n\t\t\t\t<\/div>\n\t\t<div class=\"elementor-element elementor-element-2b082c7 e-con-full e-flex wpr-particle-no wpr-jarallax-no wpr-parallax-no wpr-sticky-section-no e-con e-child\" data-id=\"2b082c7\" data-element_type=\"container\" data-settings=\"{&quot;content_width&quot;:&quot;full&quot;,&quot;container_type&quot;:&quot;flex&quot;}\">\n\t\t\t\t<div class=\"elementor-element elementor-element-9c32295 elementor-widget elementor-widget-image\" data-id=\"9c32295\" data-element_type=\"widget\" data-widget_type=\"image.default\">\n\t\t\t\t<div class=\"elementor-widget-container\">\n\t\t\t<style>\/*! elementor - v3.18.0 - 04-12-2023 *\/\n.elementor-widget-image{text-align:center}.elementor-widget-image a{display:inline-block}.elementor-widget-image a img[src$=\".svg\"]{width:48px}.elementor-widget-image img{vertical-align:middle;display:inline-block}<\/style>\t\t\t\t\t\t\t\t\t\t\t\t<img fetchpriority=\"high\" decoding=\"async\" width=\"768\" height=\"766\" src=\"https:\/\/sem.hust.edu.vn\/wp-content\/uploads\/2025\/04\/bgh011-0-e1745833579635-768x766.jpg\" class=\"attachment-medium_large size-medium_large wp-image-20589\" alt=\"\" srcset=\"https:\/\/sem.hust.edu.vn\/wp-content\/uploads\/2025\/04\/bgh011-0-e1745833579635-768x766.jpg 768w, https:\/\/sem.hust.edu.vn\/wp-content\/uploads\/2025\/04\/bgh011-0-e1745833579635-300x300.jpg 300w, https:\/\/sem.hust.edu.vn\/wp-content\/uploads\/2025\/04\/bgh011-0-e1745833579635-150x150.jpg 150w, https:\/\/sem.hust.edu.vn\/wp-content\/uploads\/2025\/04\/bgh011-0-e1745833579635-24x24.jpg 24w, https:\/\/sem.hust.edu.vn\/wp-content\/uploads\/2025\/04\/bgh011-0-e1745833579635-36x36.jpg 36w, https:\/\/sem.hust.edu.vn\/wp-content\/uploads\/2025\/04\/bgh011-0-e1745833579635-48x48.jpg 48w, https:\/\/sem.hust.edu.vn\/wp-content\/uploads\/2025\/04\/bgh011-0-e1745833579635.jpg 1000w\" sizes=\"(max-width: 768px) 100vw, 768px\" \/>\t\t\t\t\t\t\t\t\t\t\t\t\t\t\t<\/div>\n\t\t\t\t<\/div>\n\t\t\t\t<\/div>\n\t\t<div class=\"elementor-element elementor-element-7ec53e3 e-con-full e-flex wpr-particle-no wpr-jarallax-no wpr-parallax-no wpr-sticky-section-no e-con e-child\" data-id=\"7ec53e3\" data-element_type=\"container\" data-settings=\"{&quot;content_width&quot;:&quot;full&quot;,&quot;container_type&quot;:&quot;flex&quot;}\">\n\t\t\t\t<div class=\"elementor-element elementor-element-e162339 elementor-widget elementor-widget-text-editor\" data-id=\"e162339\" data-element_type=\"widget\" data-widget_type=\"text-editor.default\">\n\t\t\t\t<div class=\"elementor-widget-container\">\n\t\t\t<style>\/*! elementor - v3.18.0 - 04-12-2023 *\/\n.elementor-widget-text-editor.elementor-drop-cap-view-stacked .elementor-drop-cap{background-color:#69727d;color:#fff}.elementor-widget-text-editor.elementor-drop-cap-view-framed .elementor-drop-cap{color:#69727d;border:3px solid;background-color:transparent}.elementor-widget-text-editor:not(.elementor-drop-cap-view-default) .elementor-drop-cap{margin-top:8px}.elementor-widget-text-editor:not(.elementor-drop-cap-view-default) .elementor-drop-cap-letter{width:1em;height:1em}.elementor-widget-text-editor .elementor-drop-cap{float:left;text-align:center;line-height:1;font-size:50px}.elementor-widget-text-editor .elementor-drop-cap-letter{display:inline-block}<\/style>\t\t\t\t<h4><strong>1. Assoc. Prof. Dr. Nguy\u1ec5n Danh Nguy\u00ean<\/strong><\/h4><h5><span style=\"color: #000000;\"><strong>Dean<\/strong><\/span><\/h5><p>Email: nguyen.nguyendanh@hust.edu.vn<\/p><p><strong>Areas of Responsibility:<\/strong><\/p><ul><li>Financial management<\/li><li>Organization and human resources<\/li><li>International cooperation<\/li><\/ul>\t\t\t\t\t\t<\/div>\n\t\t\t\t<\/div>\n\t\t\t\t<\/div>\n\t\t\t\t<\/div>\n\t\t<div class=\"elementor-element elementor-element-280d7d0 e-con-full e-flex wpr-particle-no wpr-jarallax-no wpr-parallax-no wpr-sticky-section-no e-con e-child\" data-id=\"280d7d0\" data-element_type=\"container\" data-settings=\"{&quot;content_width&quot;:&quot;full&quot;,&quot;container_type&quot;:&quot;flex&quot;}\">\n\t\t<div class=\"elementor-element elementor-element-9dc266d e-con-full e-flex wpr-particle-no wpr-jarallax-no wpr-parallax-no wpr-sticky-section-no e-con e-child\" data-id=\"9dc266d\" data-element_type=\"container\" data-settings=\"{&quot;content_width&quot;:&quot;full&quot;,&quot;container_type&quot;:&quot;flex&quot;}\">\n\t\t\t\t<\/div>\n\t\t<div class=\"elementor-element elementor-element-3d99e31 e-con-full e-flex wpr-particle-no wpr-jarallax-no wpr-parallax-no wpr-sticky-section-no e-con e-child\" data-id=\"3d99e31\" data-element_type=\"container\" data-settings=\"{&quot;content_width&quot;:&quot;full&quot;,&quot;container_type&quot;:&quot;flex&quot;}\">\n\t\t\t\t<div class=\"elementor-element elementor-element-66263f8 elementor-widget elementor-widget-image\" data-id=\"66263f8\" data-element_type=\"widget\" data-widget_type=\"image.default\">\n\t\t\t\t<div class=\"elementor-widget-container\">\n\t\t\t\t\t\t\t\t\t\t\t\t\t\t\t<img decoding=\"async\" width=\"768\" height=\"918\" src=\"https:\/\/sem.hust.edu.vn\/wp-content\/uploads\/2025\/04\/bgh011-2-768x918.jpg\" class=\"attachment-medium_large size-medium_large wp-image-20587\" alt=\"\" srcset=\"https:\/\/sem.hust.edu.vn\/wp-content\/uploads\/2025\/04\/bgh011-2-768x918.jpg 768w, https:\/\/sem.hust.edu.vn\/wp-content\/uploads\/2025\/04\/bgh011-2-251x300.jpg 251w, https:\/\/sem.hust.edu.vn\/wp-content\/uploads\/2025\/04\/bgh011-2-857x1024.jpg 857w, https:\/\/sem.hust.edu.vn\/wp-content\/uploads\/2025\/04\/bgh011-2-20x24.jpg 20w, https:\/\/sem.hust.edu.vn\/wp-content\/uploads\/2025\/04\/bgh011-2-30x36.jpg 30w, https:\/\/sem.hust.edu.vn\/wp-content\/uploads\/2025\/04\/bgh011-2-40x48.jpg 40w, https:\/\/sem.hust.edu.vn\/wp-content\/uploads\/2025\/04\/bgh011-2.jpg 1000w\" sizes=\"(max-width: 768px) 100vw, 768px\" \/>\t\t\t\t\t\t\t\t\t\t\t\t\t\t\t<\/div>\n\t\t\t\t<\/div>\n\t\t\t\t<\/div>\n\t\t<div class=\"elementor-element elementor-element-7800e84 e-con-full e-flex wpr-particle-no wpr-jarallax-no wpr-parallax-no wpr-sticky-section-no e-con e-child\" data-id=\"7800e84\" data-element_type=\"container\" data-settings=\"{&quot;content_width&quot;:&quot;full&quot;,&quot;container_type&quot;:&quot;flex&quot;}\">\n\t\t\t\t<div class=\"elementor-element elementor-element-987e470 elementor-widget elementor-widget-text-editor\" data-id=\"987e470\" data-element_type=\"widget\" data-widget_type=\"text-editor.default\">\n\t\t\t\t<div class=\"elementor-widget-container\">\n\t\t\t\t\t\t\t<h4><strong>2. Assoc. Prof. Dr. Ph\u1ea1m Th\u1ecb Kim Ng\u1ecdc<\/strong><\/h4><h5><strong>Vice Dean<\/strong><\/h5><p>Email: ngoc.phamthikim@hust.edu.vn<\/p><p><strong>Areas of Responsibility:<\/strong><\/p><ul><li>Academic Programs<\/li><li>Scientific Research<\/li><li>International Cooperation<\/li><\/ul>\t\t\t\t\t\t<\/div>\n\t\t\t\t<\/div>\n\t\t\t\t<\/div>\n\t\t\t\t<\/div>\n\t\t<div class=\"elementor-element elementor-element-6043bc7 e-con-full e-flex wpr-particle-no wpr-jarallax-no wpr-parallax-no wpr-sticky-section-no e-con e-child\" data-id=\"6043bc7\" data-element_type=\"container\" data-settings=\"{&quot;content_width&quot;:&quot;full&quot;,&quot;container_type&quot;:&quot;flex&quot;}\">\n\t\t<div class=\"elementor-element elementor-element-7527308 e-con-full e-flex wpr-particle-no wpr-jarallax-no wpr-parallax-no wpr-sticky-section-no e-con e-child\" data-id=\"7527308\" data-element_type=\"container\" data-settings=\"{&quot;content_width&quot;:&quot;full&quot;,&quot;container_type&quot;:&quot;flex&quot;}\">\n\t\t\t\t<\/div>\n\t\t<div class=\"elementor-element elementor-element-08bf443 e-con-full e-flex wpr-particle-no wpr-jarallax-no wpr-parallax-no wpr-sticky-section-no e-con e-child\" data-id=\"08bf443\" data-element_type=\"container\" data-settings=\"{&quot;content_width&quot;:&quot;full&quot;,&quot;container_type&quot;:&quot;flex&quot;}\">\n\t\t\t\t<div class=\"elementor-element elementor-element-4381ee7 elementor-widget elementor-widget-image\" data-id=\"4381ee7\" data-element_type=\"widget\" data-widget_type=\"image.default\">\n\t\t\t\t<div class=\"elementor-widget-container\">\n\t\t\t\t\t\t\t\t\t\t\t\t\t\t\t<img decoding=\"async\" width=\"768\" height=\"918\" src=\"https:\/\/sem.hust.edu.vn\/wp-content\/uploads\/2025\/04\/bgh011-1-768x918.jpg\" class=\"attachment-medium_large size-medium_large wp-image-20588\" alt=\"\" srcset=\"https:\/\/sem.hust.edu.vn\/wp-content\/uploads\/2025\/04\/bgh011-1-768x918.jpg 768w, https:\/\/sem.hust.edu.vn\/wp-content\/uploads\/2025\/04\/bgh011-1-251x300.jpg 251w, https:\/\/sem.hust.edu.vn\/wp-content\/uploads\/2025\/04\/bgh011-1-857x1024.jpg 857w, https:\/\/sem.hust.edu.vn\/wp-content\/uploads\/2025\/04\/bgh011-1-20x24.jpg 20w, https:\/\/sem.hust.edu.vn\/wp-content\/uploads\/2025\/04\/bgh011-1-30x36.jpg 30w, https:\/\/sem.hust.edu.vn\/wp-content\/uploads\/2025\/04\/bgh011-1-40x48.jpg 40w, https:\/\/sem.hust.edu.vn\/wp-content\/uploads\/2025\/04\/bgh011-1.jpg 1000w\" sizes=\"(max-width: 768px) 100vw, 768px\" \/>\t\t\t\t\t\t\t\t\t\t\t\t\t\t\t<\/div>\n\t\t\t\t<\/div>\n\t\t\t\t<\/div>\n\t\t<div class=\"elementor-element elementor-element-7ec6e66 e-con-full e-flex wpr-particle-no wpr-jarallax-no wpr-parallax-no wpr-sticky-section-no e-con e-child\" data-id=\"7ec6e66\" data-element_type=\"container\" data-settings=\"{&quot;content_width&quot;:&quot;full&quot;,&quot;container_type&quot;:&quot;flex&quot;}\">\n\t\t\t\t<div class=\"elementor-element elementor-element-a4202d3 elementor-widget elementor-widget-text-editor\" data-id=\"a4202d3\" data-element_type=\"widget\" data-widget_type=\"text-editor.default\">\n\t\t\t\t<div class=\"elementor-widget-container\">\n\t\t\t\t\t\t\t<h4><strong>3. Assoc. Prof. Dr. \u0110\u00e0o Thanh B\u00ecnh<\/strong><\/h4><h5><strong>Vice Dean<\/strong><\/h5><p>Email: binh.daothanh@hust.edu.vn<\/p><p><strong>Areas of Responsibility:<\/strong><\/p><ul><li>Student and Alumni Affairs<\/li><li>Admissions, Communications, and Career Guidance<\/li><li>Facilities<\/li><\/ul>\t\t\t\t\t\t<\/div>\n\t\t\t\t<\/div>\n\t\t\t\t<\/div>\n\t\t\t\t<\/div>\n\t\t<div class=\"elementor-element elementor-element-4f2010b e-con-full e-flex wpr-particle-no wpr-jarallax-no wpr-parallax-no wpr-sticky-section-no e-con e-child\" data-id=\"4f2010b\" data-element_type=\"container\" data-settings=\"{&quot;content_width&quot;:&quot;full&quot;,&quot;container_type&quot;:&quot;flex&quot;}\">\n\t\t\t\t<\/div>\n\t\t\t\t\t<\/div>\n\t\t\t\t<\/div>\n\t\t\t\t<\/div>\n\t\t\t\t\t\t\t<\/div>","protected":false},"excerpt":{"rendered":"<p>Th\u01b0 ng\u1ecf L\u1ecbch s\u1eed h\u00ecnh th\u00e0nh v\u00e0 ph\u00e1t tri\u1ec3n C\u01a1 c\u1ea5u t\u1ed5 ch\u1ee9c Ban Gi\u00e1m hi\u1ec7u C\u00e1c t\u1ed5 ch\u1ee9c \u0111o\u00e0n th\u1ec3 Khoa V\u0103n ph\u00f2ng Tr\u01b0\u1eddng Media Ban Gi\u00e1m hi\u1ec7u 1. PGS.TS. Nguy\u1ec5n Danh Nguy\u00ean Hi\u1ec7u tr\u01b0\u1edfng Email: nguyen.nguyendanh@hust.edu.vn PH\u1ee4 TR\u00c1CH C\u00d4NG T\u00c1C C\u00f4ng t\u00e1c t\u00e0i ch\u00ednh C\u00f4ng t\u00e1c t\u1ed5 ch\u1ee9c v\u00e0 nh\u00e2n s\u1ef1 C\u00f4ng t\u00e1c &hellip;<\/p>\n<p class=\"read-more\"> <a class=\"\" href=\"https:\/\/sem.hust.edu.vn\/en\/ban-giam-hieu\"> <span class=\"screen-reader-text\">Executive Board<\/span> Read More \u00bb<\/a><\/p>","protected":false},"author":4,"featured_media":0,"parent":0,"menu_order":0,"comment_status":"closed","ping_status":"closed","template":"","meta":{"_uag_custom_page_level_css":"","site-sidebar-layout":"no-sidebar","site-content-layout":"page-builder","ast-site-content-layout":"full-width-container","site-content-style":"unboxed","site-sidebar-style":"unboxed","ast-global-header-display":"","ast-banner-title-visibility":"","ast-main-header-display":"","ast-hfb-above-header-display":"","ast-hfb-below-header-display":"","ast-hfb-mobile-header-display":"","site-post-title":"disabled","ast-breadcrumbs-content":"","ast-featured-img":"disabled","footer-sml-layout":"","theme-transparent-header-meta":"default","adv-header-id-meta":"","stick-header-meta":"default","header-above-stick-meta":"","header-main-stick-meta":"","header-below-stick-meta":"","astra-migrate-meta-layouts":"set","footnotes":""},"class_list":["post-20400","page","type-page","status-publish","hentry"],"acf":[],"aioseo_notices":[],"uagb_featured_image_src":{"full":false,"thumbnail":false,"medium":false,"medium_large":false,"large":false,"1536x1536":false,"2048x2048":false,"trp-custom-language-flag":false,"menu-24x24":false,"menu-36x36":false,"menu-48x48":false},"uagb_author_info":{"display_name":"sem admin","author_link":"https:\/\/sem.hust.edu.vn\/en\/author\/admin-sem"},"uagb_comment_info":0,"uagb_excerpt":"Th\u01b0 ng\u1ecf L\u1ecbch s\u1eed h\u00ecnh th\u00e0nh v\u00e0 ph\u00e1t tri\u1ec3n C\u01a1 c\u1ea5u t\u1ed5 ch\u1ee9c Ban Gi\u00e1m hi\u1ec7u C\u00e1c t\u1ed5 ch\u1ee9c \u0111o\u00e0n th\u1ec3 Khoa V\u0103n ph\u00f2ng Tr\u01b0\u1eddng Media Ban Gi\u00e1m hi\u1ec7u 1. PGS.TS. Nguy\u1ec5n Danh Nguy\u00ean Hi\u1ec7u tr\u01b0\u1edfng Email: nguyen.nguyendanh@hust.edu.vn PH\u1ee4 TR\u00c1CH C\u00d4NG T\u00c1C C\u00f4ng t\u00e1c t\u00e0i ch\u00ednh C\u00f4ng t\u00e1c t\u1ed5 ch\u1ee9c v\u00e0 nh\u00e2n s\u1ef1 C\u00f4ng t\u00e1c&hellip;","_links":{"self":[{"href":"https:\/\/sem.hust.edu.vn\/en\/wp-json\/wp\/v2\/pages\/20400","targetHints":{"allow":["GET"]}}],"collection":[{"href":"https:\/\/sem.hust.edu.vn\/en\/wp-json\/wp\/v2\/pages"}],"about":[{"href":"https:\/\/sem.hust.edu.vn\/en\/wp-json\/wp\/v2\/types\/page"}],"author":[{"embeddable":true,"href":"https:\/\/sem.hust.edu.vn\/en\/wp-json\/wp\/v2\/users\/4"}],"replies":[{"embeddable":true,"href":"https:\/\/sem.hust.edu.vn\/en\/wp-json\/wp\/v2\/comments?post=20400"}],"version-history":[{"count":0,"href":"https:\/\/sem.hust.edu.vn\/en\/wp-json\/wp\/v2\/pages\/20400\/revisions"}],"wp:attachment":[{"href":"https:\/\/sem.hust.edu.vn\/en\/wp-json\/wp\/v2\/media?parent=20400"}],"curies":[{"name":"wp","href":"https:\/\/api.w.org\/{rel}","templated":true}]}}