{"id":20448,"date":"2025-03-25T21:46:07","date_gmt":"2025-03-25T14:46:07","guid":{"rendered":"https:\/\/sem.hust.edu.vn\/?page_id=20448"},"modified":"2026-03-18T10:05:26","modified_gmt":"2026-03-18T03:05:26","slug":"cac-to-chuc-doan-the","status":"publish","type":"page","link":"https:\/\/sem.hust.edu.vn\/en\/cac-to-chuc-doan-the","title":{"rendered":"Unions and Associations"},"content":{"rendered":"<div data-elementor-type=\"wp-page\" data-elementor-id=\"20448\" class=\"elementor elementor-20448\">\n\t\t\t\t\t\t\t<div class=\"elementor-element elementor-element-816d5d0 e-con-full e-flex wpr-particle-no wpr-jarallax-no wpr-parallax-no wpr-sticky-section-no e-con e-parent\" data-id=\"816d5d0\" data-element_type=\"container\" data-settings=\"{&quot;background_background&quot;:&quot;classic&quot;,&quot;content_width&quot;:&quot;full&quot;,&quot;container_type&quot;:&quot;flex&quot;}\" data-e-bg-lazyload=\"\" data-core-v316-plus=\"true\">\n\t\t\t\t<\/div>\n\t\t<div class=\"elementor-element elementor-element-341c4c2 e-con-full box-gioi-thieu e-flex wpr-particle-no wpr-jarallax-no wpr-parallax-no wpr-sticky-section-no e-con e-parent\" data-id=\"341c4c2\" data-element_type=\"container\" data-settings=\"{&quot;content_width&quot;:&quot;full&quot;,&quot;background_background&quot;:&quot;classic&quot;,&quot;container_type&quot;:&quot;flex&quot;}\" data-core-v316-plus=\"true\">\n\t\t<div class=\"elementor-element elementor-element-55f5a86 custom-nav-child e-flex e-con-boxed wpr-particle-no wpr-jarallax-no wpr-parallax-no wpr-sticky-section-no e-con e-child\" data-id=\"55f5a86\" data-element_type=\"container\" data-settings=\"{&quot;background_background&quot;:&quot;classic&quot;,&quot;container_type&quot;:&quot;flex&quot;,&quot;content_width&quot;:&quot;boxed&quot;}\">\n\t\t\t\t\t<div class=\"e-con-inner\">\n\t\t\t\t<div class=\"elementor-element elementor-element-83eb423 elementor-widget elementor-widget-heading\" data-id=\"83eb423\" data-element_type=\"widget\" data-widget_type=\"heading.default\">\n\t\t\t\t<div class=\"elementor-widget-container\">\n\t\t\t<style>\/*! elementor - v3.18.0 - 04-12-2023 *\/\n.elementor-heading-title{padding:0;margin:0;line-height:1}.elementor-widget-heading .elementor-heading-title[class*=elementor-size-]>a{color:inherit;font-size:inherit;line-height:inherit}.elementor-widget-heading .elementor-heading-title.elementor-size-small{font-size:15px}.elementor-widget-heading .elementor-heading-title.elementor-size-medium{font-size:19px}.elementor-widget-heading .elementor-heading-title.elementor-size-large{font-size:29px}.elementor-widget-heading .elementor-heading-title.elementor-size-xl{font-size:39px}.elementor-widget-heading .elementor-heading-title.elementor-size-xxl{font-size:59px}<\/style><h6 class=\"elementor-heading-title elementor-size-default\"><a href=\"\/en\/thu-ngo\/\">Welcome Message<\/a><\/h6>\t\t<\/div>\n\t\t\t\t<\/div>\n\t\t\t\t<div class=\"elementor-element elementor-element-9da50c9 elementor-widget elementor-widget-heading\" data-id=\"9da50c9\" data-element_type=\"widget\" data-widget_type=\"heading.default\">\n\t\t\t\t<div class=\"elementor-widget-container\">\n\t\t\t<h6 class=\"elementor-heading-title elementor-size-default\"><a href=\"\/en\/lich-su-hinh-thanh-va-phat-trien\/\">History<\/a><\/h6>\t\t<\/div>\n\t\t\t\t<\/div>\n\t\t\t\t<div class=\"elementor-element elementor-element-6c96459 elementor-widget elementor-widget-heading\" data-id=\"6c96459\" data-element_type=\"widget\" data-widget_type=\"heading.default\">\n\t\t\t\t<div class=\"elementor-widget-container\">\n\t\t\t<h6 class=\"elementor-heading-title elementor-size-default\"><a href=\"\/en\/ban-lanh-dao\/\">Organizational Structure<\/a><\/h6>\t\t<\/div>\n\t\t\t\t<\/div>\n\t\t\t\t<div class=\"elementor-element elementor-element-7048cc2 elementor-widget elementor-widget-heading\" data-id=\"7048cc2\" data-element_type=\"widget\" data-widget_type=\"heading.default\">\n\t\t\t\t<div class=\"elementor-widget-container\">\n\t\t\t<h6 class=\"elementor-heading-title elementor-size-default\"><a href=\"https:\/\/sem.hust.edu.vn\/en\/ban-giam-hieu\/\">Executive Board<\/a><\/h6>\t\t<\/div>\n\t\t\t\t<\/div>\n\t\t\t\t<div class=\"elementor-element elementor-element-b33b860 elementor-widget elementor-widget-heading\" data-id=\"b33b860\" data-element_type=\"widget\" data-widget_type=\"heading.default\">\n\t\t\t\t<div class=\"elementor-widget-container\">\n\t\t\t<h6 class=\"elementor-heading-title elementor-size-default\"><a href=\"https:\/\/sem.hust.edu.vn\/en\/cac-to-chuc-doan-the\/\">Unions and Associations<\/a><\/h6>\t\t<\/div>\n\t\t\t\t<\/div>\n\t\t\t\t<div class=\"elementor-element elementor-element-32c3f37 elementor-widget elementor-widget-heading\" data-id=\"32c3f37\" data-element_type=\"widget\" data-widget_type=\"heading.default\">\n\t\t\t\t<div class=\"elementor-widget-container\">\n\t\t\t<h6 class=\"elementor-heading-title elementor-size-default\"><a href=\"\/en\/khoa\/\">Faculties<\/a><\/h6>\t\t<\/div>\n\t\t\t\t<\/div>\n\t\t\t\t<div class=\"elementor-element elementor-element-026f6b5 elementor-widget elementor-widget-heading\" data-id=\"026f6b5\" data-element_type=\"widget\" data-widget_type=\"heading.default\">\n\t\t\t\t<div class=\"elementor-widget-container\">\n\t\t\t<h6 class=\"elementor-heading-title elementor-size-default\"><a href=\"https:\/\/sem.hust.edu.vn\/en\/van-phong-truong\/\">School Office<\/a><\/h6>\t\t<\/div>\n\t\t\t\t<\/div>\n\t\t\t\t<div class=\"elementor-element elementor-element-c5e452a elementor-widget elementor-widget-heading\" data-id=\"c5e452a\" data-element_type=\"widget\" data-widget_type=\"heading.default\">\n\t\t\t\t<div class=\"elementor-widget-container\">\n\t\t\t<h6 class=\"elementor-heading-title elementor-size-default\"><a href=\"https:\/\/sem.hust.edu.vn\/en\/media\/\">Media<\/a><\/h6>\t\t<\/div>\n\t\t\t\t<\/div>\n\t\t\t\t\t<\/div>\n\t\t\t\t<\/div>\n\t\t<div class=\"elementor-element elementor-element-2329057 e-flex e-con-boxed wpr-particle-no wpr-jarallax-no wpr-parallax-no wpr-sticky-section-no e-con e-child\" data-id=\"2329057\" data-element_type=\"container\" data-settings=\"{&quot;container_type&quot;:&quot;flex&quot;,&quot;content_width&quot;:&quot;boxed&quot;}\">\n\t\t\t\t\t<div class=\"e-con-inner\">\n\t\t<div class=\"elementor-element elementor-element-d6e35ab e-con-full e-flex wpr-particle-no wpr-jarallax-no wpr-parallax-no wpr-sticky-section-no e-con e-child\" data-id=\"d6e35ab\" data-element_type=\"container\" data-settings=\"{&quot;content_width&quot;:&quot;full&quot;,&quot;container_type&quot;:&quot;flex&quot;}\">\n\t\t\t\t<div class=\"elementor-element elementor-element-6bf4bbb elementor-widget elementor-widget-heading\" data-id=\"6bf4bbb\" data-element_type=\"widget\" data-widget_type=\"heading.default\">\n\t\t\t\t<div class=\"elementor-widget-container\">\n\t\t\t<h4 class=\"elementor-heading-title elementor-size-default\">Unions and Associations<br><\/h4>\t\t<\/div>\n\t\t\t\t<\/div>\n\t\t\t\t<\/div>\n\t\t<div class=\"elementor-element elementor-element-3c1b8f1 e-con-full e-flex wpr-particle-no wpr-jarallax-no wpr-parallax-no wpr-sticky-section-no e-con e-child\" data-id=\"3c1b8f1\" data-element_type=\"container\" data-settings=\"{&quot;content_width&quot;:&quot;full&quot;,&quot;container_type&quot;:&quot;flex&quot;}\">\n\t\t\t\t<div class=\"elementor-element elementor-element-5b3c6cf elementor-widget elementor-widget-text-editor\" data-id=\"5b3c6cf\" data-element_type=\"widget\" data-widget_type=\"text-editor.default\">\n\t\t\t\t<div class=\"elementor-widget-container\">\n\t\t\t<style>\/*! elementor - v3.18.0 - 04-12-2023 *\/\n.elementor-widget-text-editor.elementor-drop-cap-view-stacked .elementor-drop-cap{background-color:#69727d;color:#fff}.elementor-widget-text-editor.elementor-drop-cap-view-framed .elementor-drop-cap{color:#69727d;border:3px solid;background-color:transparent}.elementor-widget-text-editor:not(.elementor-drop-cap-view-default) .elementor-drop-cap{margin-top:8px}.elementor-widget-text-editor:not(.elementor-drop-cap-view-default) .elementor-drop-cap-letter{width:1em;height:1em}.elementor-widget-text-editor .elementor-drop-cap{float:left;text-align:center;line-height:1;font-size:50px}.elementor-widget-text-editor .elementor-drop-cap-letter{display:inline-block}<\/style>\t\t\t\t<p><strong>Executive Committee of the Trade Union<\/strong><\/p><ul><li>Chair: MSc. Phan Y Lan<\/li><li>Vice Chair: MSc. Banh Thi Hong Lan<\/li><li>Member: MSc. Nguyen Thi Bich Nguyet<\/li><\/ul><p><strong>Provisional Affiliated Trade Union Groups<\/strong><\/p><ul><li>Trade Union Group of Business Department 1 and the Office:<ul><li>Head of the Group: MSc. Pham Mai Chi<\/li><li>Deputy Head: MSc. Nguyen Thi Bich Nguyet<\/li><\/ul><\/li><li>Trade Union Group of Business Department 2<ul><li>Head of the Group: MSc. Nguyen Thi Thuy Hang\u00a0<\/li><\/ul><\/li><li>Trade Union Group of Management Department 1<ul><li>Head of the Group: MSc. Banh Thi Hong Lan<\/li><li>Deputy Head: PhD. Nguyen Duc Trong<\/li><\/ul><\/li><li>Trade Union Group of Management Department 2<ul><li>Head of the Group: PhD. Nguyen Thi Thu Hien<\/li><\/ul><\/li><\/ul><p><strong>Executive Committee of the Ho Chi Minh Communist Youth Union of the School of Economics and Management <\/strong><\/p><ul><li>Secretary: PhD. Do Hong Quan<\/li><li>Vice Secretary (Staff): Prospective Faculty Member Dao Thi Viet Hang<\/li><li>Vice Secretary (Student): Nguyen Dang Nam Khanh<\/li><\/ul><p><strong>Former Teachers\u2019 Association<\/strong><\/p><ul><li>Head of the Association: Senior Lecturer Nguyen Tan Thinh<\/li><\/ul>\t\t\t\t\t\t<\/div>\n\t\t\t\t<\/div>\n\t\t\t\t<\/div>\n\t\t\t\t\t<\/div>\n\t\t\t\t<\/div>\n\t\t\t\t<\/div>\n\t\t\t\t\t\t\t<\/div>","protected":false},"excerpt":{"rendered":"<p>Th\u01b0 ng\u1ecf L\u1ecbch s\u1eed h\u00ecnh th\u00e0nh v\u00e0 ph\u00e1t tri\u1ec3n C\u01a1 c\u1ea5u t\u1ed5 ch\u1ee9c Ban Gi\u00e1m hi\u1ec7u C\u00e1c t\u1ed5 ch\u1ee9c \u0111o\u00e0n th\u1ec3 Khoa V\u0103n ph\u00f2ng Tr\u01b0\u1eddng Media C\u00e1c t\u1ed5 ch\u1ee9c \u0111o\u00e0n th\u1ec3 Ban Ch\u1ea5p h\u00e0nh C\u00f4ng \u0111o\u00e0n Tr\u01b0\u1eddng Kinh t\u1ebf Ch\u1ee7 t\u1ecbch:\u00a0 ThS. Phan Y Lan Ph\u00f3 Ch\u1ee7 t\u1ecbch:\u00a0 ThS. B\u00e0nh Th\u1ecb H\u1ed3ng Lan C\u00e1c \u1ee7y &hellip;<\/p>\n<p class=\"read-more\"> <a class=\"\" href=\"https:\/\/sem.hust.edu.vn\/en\/cac-to-chuc-doan-the\"> <span class=\"screen-reader-text\">Unions and Associations<\/span> Read More \u00bb<\/a><\/p>","protected":false},"author":4,"featured_media":0,"parent":0,"menu_order":0,"comment_status":"closed","ping_status":"closed","template":"","meta":{"_uag_custom_page_level_css":"","site-sidebar-layout":"no-sidebar","site-content-layout":"page-builder","ast-site-content-layout":"full-width-container","site-content-style":"unboxed","site-sidebar-style":"unboxed","ast-global-header-display":"","ast-banner-title-visibility":"","ast-main-header-display":"","ast-hfb-above-header-display":"","ast-hfb-below-header-display":"","ast-hfb-mobile-header-display":"","site-post-title":"disabled","ast-breadcrumbs-content":"","ast-featured-img":"disabled","footer-sml-layout":"","theme-transparent-header-meta":"default","adv-header-id-meta":"","stick-header-meta":"default","header-above-stick-meta":"","header-main-stick-meta":"","header-below-stick-meta":"","astra-migrate-meta-layouts":"set","footnotes":""},"class_list":["post-20448","page","type-page","status-publish","hentry"],"acf":[],"aioseo_notices":[],"uagb_featured_image_src":{"full":false,"thumbnail":false,"medium":false,"medium_large":false,"large":false,"1536x1536":false,"2048x2048":false,"trp-custom-language-flag":false,"menu-24x24":false,"menu-36x36":false,"menu-48x48":false},"uagb_author_info":{"display_name":"sem admin","author_link":"https:\/\/sem.hust.edu.vn\/en\/author\/admin-sem"},"uagb_comment_info":0,"uagb_excerpt":"Th\u01b0 ng\u1ecf L\u1ecbch s\u1eed h\u00ecnh th\u00e0nh v\u00e0 ph\u00e1t tri\u1ec3n C\u01a1 c\u1ea5u t\u1ed5 ch\u1ee9c Ban Gi\u00e1m hi\u1ec7u C\u00e1c t\u1ed5 ch\u1ee9c \u0111o\u00e0n th\u1ec3 Khoa V\u0103n ph\u00f2ng Tr\u01b0\u1eddng Media C\u00e1c t\u1ed5 ch\u1ee9c \u0111o\u00e0n th\u1ec3 Ban Ch\u1ea5p h\u00e0nh C\u00f4ng \u0111o\u00e0n Tr\u01b0\u1eddng Kinh t\u1ebf Ch\u1ee7 t\u1ecbch:\u00a0 ThS. Phan Y Lan Ph\u00f3 Ch\u1ee7 t\u1ecbch:\u00a0 ThS. B\u00e0nh Th\u1ecb H\u1ed3ng Lan C\u00e1c \u1ee7y&hellip;","_links":{"self":[{"href":"https:\/\/sem.hust.edu.vn\/en\/wp-json\/wp\/v2\/pages\/20448","targetHints":{"allow":["GET"]}}],"collection":[{"href":"https:\/\/sem.hust.edu.vn\/en\/wp-json\/wp\/v2\/pages"}],"about":[{"href":"https:\/\/sem.hust.edu.vn\/en\/wp-json\/wp\/v2\/types\/page"}],"author":[{"embeddable":true,"href":"https:\/\/sem.hust.edu.vn\/en\/wp-json\/wp\/v2\/users\/4"}],"replies":[{"embeddable":true,"href":"https:\/\/sem.hust.edu.vn\/en\/wp-json\/wp\/v2\/comments?post=20448"}],"version-history":[{"count":0,"href":"https:\/\/sem.hust.edu.vn\/en\/wp-json\/wp\/v2\/pages\/20448\/revisions"}],"wp:attachment":[{"href":"https:\/\/sem.hust.edu.vn\/en\/wp-json\/wp\/v2\/media?parent=20448"}],"curies":[{"name":"wp","href":"https:\/\/api.w.org\/{rel}","templated":true}]}}